{"id":346,"date":"2024-10-25T14:55:34","date_gmt":"2024-10-25T14:55:34","guid":{"rendered":"https:\/\/Decatedralacatedral.com\/?page_id=346"},"modified":"2025-02-06T13:10:55","modified_gmt":"2025-02-06T13:10:55","slug":"etapa-o-pino-santiago-de-compostela","status":"publish","type":"page","link":"https:\/\/Decatedralacatedral.com\/?page_id=346","title":{"rendered":"Etapa O Pino &#8211; Santiago de Compostela"},"content":{"rendered":"<p>[et_pb_section fb_built=\u00bb1&#8243; admin_label=\u00bbHero\u00bb _builder_version=\u00bb4.24.3&#8243; use_background_color_gradient=\u00bbon\u00bb background_color_gradient_type=\u00bbcircular\u00bb background_color_gradient_direction_radial=\u00bbtop right\u00bb background_color_gradient_stops=\u00bb#210b00 10%|rgba(33,25,21,0) 100%\u00bb background_color_gradient_overlays_image=\u00bbon\u00bb background_color_gradient_start=\u00bb#210b00&#8243; background_color_gradient_start_position=\u00bb10%\u00bb background_color_gradient_end=\u00bbrgba(33,25,21,0)\u00bb background_image=\u00bbhttps:\/\/Decatedralacatedral.com\/wp-content\/uploads\/2025\/02\/santiago-4748280_1920.jpg\u00bb background_position=\u00bbcenter_left\u00bb min_height=\u00bb400px\u00bb custom_padding=\u00bb80px|0|0||false|false\u00bb hover_enabled=\u00bb0&#8243; global_colors_info=\u00bb{}\u00bb theme_builder_area=\u00bbpost_content\u00bb title_text=\u00bbsantiago-4748280_1920&#8243; sticky_enabled=\u00bb0&#8243;][\/et_pb_section][et_pb_section fb_built=\u00bb1&#8243; admin_label=\u00bbServices Header\u00bb _builder_version=\u00bb4.16&#8243; custom_padding=\u00bb0|0px|0|0px|false|false\u00bb global_colors_info=\u00bb{}\u00bb theme_builder_area=\u00bbpost_content\u00bb][et_pb_row column_structure=\u00bb2_3,1_3&#8243; use_custom_gutter=\u00bbon\u00bb gutter_width=\u00bb1&#8243; padding_top_bottom_link_2=\u00bbtrue\u00bb padding_left_right_link_2=\u00bbtrue\u00bb _builder_version=\u00bb4.16&#8243; custom_padding=\u00bb0|0px|27px|0px|false|false\u00bb animation_style=\u00bbslide\u00bb animation_direction=\u00bbtop\u00bb animation_intensity_slide=\u00bb20%\u00bb locked=\u00bboff\u00bb global_colors_info=\u00bb{}\u00bb theme_builder_area=\u00bbpost_content\u00bb][et_pb_column type=\u00bb2_3&#8243; _builder_version=\u00bb4.16&#8243; custom_padding=\u00bb|||\u00bb global_colors_info=\u00bb{}\u00bb custom_padding__hover=\u00bb|||\u00bb theme_builder_area=\u00bbpost_content\u00bb][et_pb_text _builder_version=\u00bb4.16&#8243; text_font=\u00bb||||||||\u00bb ul_font=\u00bb||||||||\u00bb ol_font=\u00bb||||||||\u00bb quote_font=\u00bb||||||||\u00bb header_font=\u00bb||||||||\u00bb header_2_font=\u00bb|800|||||||\u00bb header_2_font_size=\u00bb24px\u00bb header_2_line_height=\u00bb1.8em\u00bb header_3_font=\u00bb||||||||\u00bb header_4_font=\u00bb|800||on|||||\u00bb header_4_font_size=\u00bb16px\u00bb header_4_letter_spacing=\u00bb0.5px\u00bb header_4_line_height=\u00bb1.7em\u00bb header_5_font=\u00bb||||||||\u00bb header_6_font=\u00bb||||||||\u00bb background_color=\u00bb#efefef\u00bb padding_1_last_edited=\u00bbon|desktop\u00bb custom_padding=\u00bb30px|50px|30px|50px|true|true|20px|10%|20px|10%|true|true||on|desktop\u00bb custom_padding_tablet=\u00bb\u00bb custom_padding_phone=\u00bb20px|10%|20px|10%|true|true\u00bb custom_padding_last_edited=\u00bbon|phone\u00bb header_2_font_size_tablet=\u00bb\u00bb header_2_font_size_phone=\u00bb18px\u00bb header_2_font_size_last_edited=\u00bbon|phone\u00bb locked=\u00bboff\u00bb global_colors_info=\u00bb{}\u00bb theme_builder_area=\u00bbpost_content\u00bb]<\/p>\n<h4>\u00a0Desde o Pino a Santiago de compostela<\/h4>\n<h2>El sue\u00f1o se hace realidad, la Catedral te espera<\/h2>\n<p>[\/et_pb_text][\/et_pb_column][et_pb_column type=\u00bb1_3&#8243; _builder_version=\u00bb4.16&#8243; custom_padding=\u00bb50px|50px|50px|50px\u00bb custom_padding_tablet=\u00bb50px|50px|50px|50px\u00bb custom_padding_phone=\u00bb20px|10%|20px|10%|true|true\u00bb custom_padding_last_edited=\u00bbon|phone\u00bb global_colors_info=\u00bb{}\u00bb padding_phone=\u00bb20px|10%|20px|10%|true|true\u00bb padding_last_edited=\u00bbon|phone\u00bb custom_padding__hover=\u00bb|||\u00bb theme_builder_area=\u00bbpost_content\u00bb][\/et_pb_column][\/et_pb_row][\/et_pb_section][et_pb_section fb_built=\u00bb1&#8243; specialty=\u00bbon\u00bb padding_top_2=\u00bb85px\u00bb admin_label=\u00bbService\u00bb _builder_version=\u00bb4.16&#8243; global_colors_info=\u00bb{}\u00bb theme_builder_area=\u00bbpost_content\u00bb][et_pb_column type=\u00bb1_3&#8243; _builder_version=\u00bb4.16&#8243; custom_padding=\u00bb|||\u00bb global_colors_info=\u00bb{}\u00bb custom_padding__hover=\u00bb|||\u00bb theme_builder_area=\u00bbpost_content\u00bb][et_pb_text _builder_version=\u00bb4.16&#8243; text_font=\u00bbOpen Sans||||||||\u00bb text_line_height=\u00bb2em\u00bb header_font=\u00bb||||||||\u00bb header_4_font=\u00bbOpen Sans|800||on|||||\u00bb header_4_font_size=\u00bb16px\u00bb header_4_letter_spacing=\u00bb0.5px\u00bb header_4_line_height=\u00bb1.7em\u00bb background_image=\u00bbhttps:\/\/Decatedralacatedral.com\/wp-content\/uploads\/2024\/02\/Rectangle.png\u00bb background_size=\u00bbinitial\u00bb background_position=\u00bbtop_left\u00bb custom_padding=\u00bb24px|||24px\u00bb locked=\u00bboff\u00bb global_colors_info=\u00bb{}\u00bb theme_builder_area=\u00bbpost_content\u00bb width=\u00bb100%\u00bb custom_margin=\u00bb|-197px||||\u00bb]<\/p>\n<h4>O pino &#8211; Santiago de compostela<\/h4>\n<p>[\/et_pb_text][\/et_pb_column][et_pb_column type=\u00bb2_3&#8243; specialty_columns=\u00bb2&#8243; _builder_version=\u00bb4.16&#8243; custom_padding=\u00bb|||\u00bb global_colors_info=\u00bb{}\u00bb custom_padding__hover=\u00bb|||\u00bb theme_builder_area=\u00bbpost_content\u00bb][\/et_pb_column][\/et_pb_section][et_pb_section fb_built=\u00bb1&#8243; admin_label=\u00bbTestimonials\u00bb _builder_version=\u00bb4.16&#8243; global_colors_info=\u00bb{}\u00bb theme_builder_area=\u00bbpost_content\u00bb][et_pb_row _builder_version=\u00bb4.24.3&#8243; _module_preset=\u00bbdefault\u00bb width=\u00bb78.2%\u00bb global_colors_info=\u00bb{}\u00bb theme_builder_area=\u00bbpost_content\u00bb][et_pb_column type=\u00bb4_4&#8243; _builder_version=\u00bb4.24.3&#8243; _module_preset=\u00bbdefault\u00bb global_colors_info=\u00bb{}\u00bb theme_builder_area=\u00bbpost_content\u00bb][et_pb_text _builder_version=\u00bb4.24.3&#8243; _module_preset=\u00bbdefault\u00bb global_colors_info=\u00bb{}\u00bb theme_builder_area=\u00bbpost_content\u00bb]<\/p>\n<p><span>La \u00faltima jornada del Camino del Norte es un viaje de emoci\u00f3n contenida y pasos firmes hacia el sue\u00f1o cumplido. El sendero se abre paso entre bosques y aldeas, mientras el coraz\u00f3n tarde con la certeza de que la meta est\u00e1 cerca.<\/span><\/p>\n<p><span>En el Monte do Gozo, el primer vistazo a las torres de la catedral desata una mezcla de alegr\u00eda, nostalgia y gratitud. Los \u00faltimos kil\u00f3metros, atravesando las calles de Santiago, se convierten en una procesi\u00f3n de emociones. Y finalmente, la Praza do Obradoiro recibe a cada peregrino con su abrazo de piedra, como un destino que es, en realidad, un nuevo comienzo.<\/span><\/p>\n<p>[\/et_pb_text][\/et_pb_column][\/et_pb_row][et_pb_row column_structure=\u00bb1_2,1_2&#8243; _builder_version=\u00bb4.24.3&#8243; _module_preset=\u00bbdefault\u00bb custom_padding=\u00bb||0px|||\u00bb global_colors_info=\u00bb{}\u00bb theme_builder_area=\u00bbpost_content\u00bb][et_pb_column type=\u00bb1_2&#8243; _builder_version=\u00bb4.24.3&#8243; _module_preset=\u00bbdefault\u00bb global_colors_info=\u00bb{}\u00bb theme_builder_area=\u00bbpost_content\u00bb][et_pb_text _builder_version=\u00bb4.24.3&#8243; _module_preset=\u00bbdefault\u00bb hover_enabled=\u00bb0&#8243; global_colors_info=\u00bb{}\u00bb theme_builder_area=\u00bbpost_content\u00bb sticky_enabled=\u00bb0&#8243;]<\/p>\n<p>LUGARES DE INTER\u00c9S DURANTE LA ETAPA<\/p>\n<ol>\n<li><strong>Lavacolla y el r\u00edo Sionlla<\/strong>.- Un lugar cargado de simbolismo, donde tradicionalmente los peregrinos se aseaban antes de entrar en Santiago, en un acto de purificaci\u00f3n antes de llegar a la catedral.<\/li>\n<li><strong>Monte de Gozo<\/strong>.- Uno de los puntos m\u00e1s emotivos del Camino. Desde su mirador, los peregrinos ven por primera vez las torres de la Catedral de Santiago. Aqu\u00ed tambi\u00e9n se encuentra el Monumento al Peregrino, erigido en honor a la visita del Papa Juan Pablo II en 1989.<\/li>\n<li><strong>Entrada a Santiago: San L\u00e1zaro y la Porta do Cami\u00f1o<\/strong>.- Al adentrarse en la ciudad, los peregrinos cruzan el barrio de San L\u00e1zaro , hist\u00f3ricamente vinculado a hospitales de leprosos. M\u00e1s adelante, la Porta do Cami\u00f1o , antigua entrada de los peregrinos del Camino del Norte, marca el inicio del casco hist\u00f3rico.<\/li>\n<\/ol>\n<p>Cada paso de esta etapa est\u00e1 impregnado de emoci\u00f3n y significado, convirti\u00e9ndola en una de las m\u00e1s inolvidables del Camino.<\/p>\n<p>[\/et_pb_text][\/et_pb_column][et_pb_column type=\u00bb1_2&#8243; _builder_version=\u00bb4.24.3&#8243; _module_preset=\u00bbdefault\u00bb global_colors_info=\u00bb{}\u00bb theme_builder_area=\u00bbpost_content\u00bb][et_pb_text _builder_version=\u00bb4.24.3&#8243; _module_preset=\u00bbdefault\u00bb custom_padding=\u00bb0px|||||\u00bb global_colors_info=\u00bb{}\u00bb theme_builder_area=\u00bbpost_content\u00bb]<\/p>\n<p>LUGARES DE INTER\u00c9S A TU LLEGADA A SANTIAGO<\/p>\n<p>&nbsp;<\/p>\n<ul>\n<li>Casco hist\u00f3rico de Santiago.- Las \u00faltimas calles llevan al peregrino por la R\u00faa de San Pedro, la Praza de Cervantes y finalmente a la Praza do Obradoiro , donde la imponente Catedral de Santiago de Compostela espera como recompensa final de la traves\u00eda.<\/li>\n<\/ul>\n<p>[\/et_pb_text][\/et_pb_column][\/et_pb_row][\/et_pb_section][et_pb_section fb_built=\u00bb1&#8243; _builder_version=\u00bb4.24.3&#8243; _module_preset=\u00bbdefault\u00bb global_colors_info=\u00bb{}\u00bb theme_builder_area=\u00bbpost_content\u00bb][et_pb_row _builder_version=\u00bb4.24.3&#8243; _module_preset=\u00bbdefault\u00bb global_colors_info=\u00bb{}\u00bb theme_builder_area=\u00bbpost_content\u00bb][et_pb_column type=\u00bb4_4&#8243; _builder_version=\u00bb4.24.3&#8243; _module_preset=\u00bbdefault\u00bb global_colors_info=\u00bb{}\u00bb theme_builder_area=\u00bbpost_content\u00bb][et_pb_heading title=\u00bbDatos de inter\u00e9s en esta etapa\u00bb _builder_version=\u00bb4.24.3&#8243; _module_preset=\u00bbdefault\u00bb global_colors_info=\u00bb{}\u00bb theme_builder_area=\u00bbpost_content\u00bb][\/et_pb_heading][\/et_pb_column][\/et_pb_row][et_pb_row column_structure=\u00bb1_3,1_3,1_3&#8243; _builder_version=\u00bb4.24.3&#8243; _module_preset=\u00bbdefault\u00bb global_colors_info=\u00bb{}\u00bb theme_builder_area=\u00bbpost_content\u00bb][et_pb_column type=\u00bb1_3&#8243; _builder_version=\u00bb4.24.3&#8243; _module_preset=\u00bbdefault\u00bb global_colors_info=\u00bb{}\u00bb theme_builder_area=\u00bbpost_content\u00bb][et_pb_slider _builder_version=\u00bb4.24.3&#8243; _module_preset=\u00bbdefault\u00bb global_colors_info=\u00bb{}\u00bb theme_builder_area=\u00bbpost_content\u00bb][et_pb_slide heading=\u00bbDistancia\u00bb _builder_version=\u00bb4.24.3&#8243; _module_preset=\u00bbdefault\u00bb global_colors_info=\u00bb{}\u00bb sticky_transition=\u00bbon\u00bb theme_builder_area=\u00bbpost_content\u00bb]<\/p>\n<h2>26,7 km<\/h2>\n<p>[\/et_pb_slide][\/et_pb_slider][et_pb_image src=\u00bbhttps:\/\/Decatedralacatedral.com\/wp-content\/uploads\/2025\/02\/O-PINO-SANTIAGO.jpg\u00bb title_text=\u00bbO-PINO-SANTIAGO\u00bb _builder_version=\u00bb4.24.3&#8243; _module_preset=\u00bbdefault\u00bb hover_enabled=\u00bb0&#8243; global_colors_info=\u00bb{}\u00bb theme_builder_area=\u00bbpost_content\u00bb sticky_enabled=\u00bb0&#8243;][\/et_pb_image][\/et_pb_column][et_pb_column _builder_version=\u00bb4.24.3&#8243; _module_preset=\u00bbdefault\u00bb type=\u00bb1_3&#8243; theme_builder_area=\u00bbpost_content\u00bb][\/et_pb_column][et_pb_column type=\u00bb1_3&#8243; _builder_version=\u00bb4.24.3&#8243; _module_preset=\u00bbdefault\u00bb global_colors_info=\u00bb{}\u00bb theme_builder_area=\u00bbpost_content\u00bb][\/et_pb_column][\/et_pb_row][et_pb_row _builder_version=\u00bb4.24.3&#8243; _module_preset=\u00bbdefault\u00bb global_colors_info=\u00bb{}\u00bb theme_builder_area=\u00bbpost_content\u00bb][et_pb_column type=\u00bb4_4&#8243; _builder_version=\u00bb4.24.3&#8243; _module_preset=\u00bbdefault\u00bb global_colors_info=\u00bb{}\u00bb theme_builder_area=\u00bbpost_content\u00bb][et_pb_code _builder_version=\u00bb4.24.3&#8243; _module_preset=\u00bbdefault\u00bb hover_enabled=\u00bb0&#8243; global_colors_info=\u00bb{}\u00bb theme_builder_area=\u00bbpost_content\u00bb sticky_enabled=\u00bb0&#8243;]<iframe src=\"https:\/\/www.google.com\/maps\/embed?pb=!1m28!1m12!1m3!1d93511.99972426199!2d-8.521697859459788!3d42.90976838705081!2m3!1f0!2f0!3f0!3m2!1i1024!2i768!4f13.1!4m13!3e2!4m5!1s0xd2e523cfba6e473%3A0x2858974e75f952cb!2sO%20Pino%2C%20El%20Pino!3m2!1d42.9359076!2d-8.3330345!4m5!1s0xd2efe4326414707%3A0xa18e63b9d0a316c5!2sCatedral%20de%20Santiago%20de%20Compostela%2C%20Praza%20do%20Obradoiro%2C%20Santiago%20de%20Compostela%2C%20La%20Coru%C3%B1a!3m2!1d42.880688!2d-8.544395399999999!5e0!3m2!1ses!2ses!4v1738847096056!5m2!1ses!2ses\" width=\"1080\" height=\"600\" style=\"border:0;\" allowfullscreen=\"\" loading=\"lazy\" referrerpolicy=\"no-referrer-when-downgrade\"><\/iframe>[\/et_pb_code][\/et_pb_column][\/et_pb_row][\/et_pb_section]<\/p>\n","protected":false},"excerpt":{"rendered":"<p>\u00a0Desde o Pino a Santiago de compostela El sue\u00f1o se hace realidad, la Catedral te esperaO pino &#8211; Santiago de compostelaLa \u00faltima jornada del Camino del Norte es un viaje de emoci\u00f3n contenida y pasos firmes hacia el sue\u00f1o cumplido. El sendero se abre paso entre bosques y aldeas, mientras el coraz\u00f3n tarde con la [&hellip;]<\/p>\n","protected":false},"author":1,"featured_media":0,"parent":55,"menu_order":0,"comment_status":"closed","ping_status":"closed","template":"","meta":{"_et_pb_use_builder":"on","_et_pb_old_content":"","_et_gb_content_width":"","_joinchat":[],"footnotes":""},"class_list":["post-346","page","type-page","status-publish","hentry"],"yoast_head":"<!-- This site is optimized with the Yoast SEO plugin v27.2 - https:\/\/yoast.com\/product\/yoast-seo-wordpress\/ -->\n<title>Etapa O Pino - Santiago de Compostela - De Catedral a Catedral<\/title>\n<meta name=\"robots\" content=\"index, follow, max-snippet:-1, max-image-preview:large, max-video-preview:-1\" \/>\n<link rel=\"canonical\" href=\"https:\/\/Decatedralacatedral.com\/?page_id=346\" \/>\n<meta property=\"og:locale\" content=\"es_ES\" \/>\n<meta property=\"og:type\" content=\"article\" \/>\n<meta property=\"og:title\" content=\"Etapa O Pino - Santiago de Compostela - De Catedral a Catedral\" \/>\n<meta property=\"og:description\" content=\"\u00a0Desde o Pino a Santiago de compostela El sue\u00f1o se hace realidad, la Catedral te esperaO pino - Santiago de compostelaLa \u00faltima jornada del Camino del Norte es un viaje de emoci\u00f3n contenida y pasos firmes hacia el sue\u00f1o cumplido. El sendero se abre paso entre bosques y aldeas, mientras el coraz\u00f3n tarde con la [&hellip;]\" \/>\n<meta property=\"og:url\" content=\"https:\/\/Decatedralacatedral.com\/?page_id=346\" \/>\n<meta property=\"og:site_name\" content=\"De Catedral a Catedral\" \/>\n<meta property=\"article:publisher\" content=\"https:\/\/www.facebook.com\/profile.php?id=61553246482205\" \/>\n<meta property=\"article:modified_time\" content=\"2025-02-06T13:10:55+00:00\" \/>\n<meta name=\"twitter:card\" content=\"summary_large_image\" \/>\n<script type=\"application\/ld+json\" class=\"yoast-schema-graph\">{\"@context\":\"https:\/\/schema.org\",\"@graph\":[{\"@type\":\"WebPage\",\"@id\":\"https:\/\/Decatedralacatedral.com\/?page_id=346\",\"url\":\"https:\/\/Decatedralacatedral.com\/?page_id=346\",\"name\":\"Etapa O Pino - Santiago de Compostela - De Catedral a Catedral\",\"isPartOf\":{\"@id\":\"https:\/\/Decatedralacatedral.com\/#website\"},\"datePublished\":\"2024-10-25T14:55:34+00:00\",\"dateModified\":\"2025-02-06T13:10:55+00:00\",\"breadcrumb\":{\"@id\":\"https:\/\/Decatedralacatedral.com\/?page_id=346#breadcrumb\"},\"inLanguage\":\"es\",\"potentialAction\":[{\"@type\":\"ReadAction\",\"target\":[\"https:\/\/Decatedralacatedral.com\/?page_id=346\"]}]},{\"@type\":\"BreadcrumbList\",\"@id\":\"https:\/\/Decatedralacatedral.com\/?page_id=346#breadcrumb\",\"itemListElement\":[{\"@type\":\"ListItem\",\"position\":1,\"name\":\"Portada\",\"item\":\"https:\/\/Decatedralacatedral.com\/\"},{\"@type\":\"ListItem\",\"position\":2,\"name\":\"Camino de Santiago desde Mondo\u00f1edo \/ Etapas\",\"item\":\"https:\/\/Decatedralacatedral.com\/?page_id=55\"},{\"@type\":\"ListItem\",\"position\":3,\"name\":\"Etapa O Pino &#8211; Santiago de Compostela\"}]},{\"@type\":\"WebSite\",\"@id\":\"https:\/\/Decatedralacatedral.com\/#website\",\"url\":\"https:\/\/Decatedralacatedral.com\/\",\"name\":\"De Catedral a Catedral\",\"description\":\"Desde Mondo\u00f1edo a Santiago\",\"potentialAction\":[{\"@type\":\"SearchAction\",\"target\":{\"@type\":\"EntryPoint\",\"urlTemplate\":\"https:\/\/Decatedralacatedral.com\/?s={search_term_string}\"},\"query-input\":{\"@type\":\"PropertyValueSpecification\",\"valueRequired\":true,\"valueName\":\"search_term_string\"}}],\"inLanguage\":\"es\"}]}<\/script>\n<!-- \/ Yoast SEO plugin. -->","yoast_head_json":{"title":"Etapa O Pino - Santiago de Compostela - De Catedral a Catedral","robots":{"index":"index","follow":"follow","max-snippet":"max-snippet:-1","max-image-preview":"max-image-preview:large","max-video-preview":"max-video-preview:-1"},"canonical":"https:\/\/Decatedralacatedral.com\/?page_id=346","og_locale":"es_ES","og_type":"article","og_title":"Etapa O Pino - Santiago de Compostela - De Catedral a Catedral","og_description":"\u00a0Desde o Pino a Santiago de compostela El sue\u00f1o se hace realidad, la Catedral te esperaO pino - Santiago de compostelaLa \u00faltima jornada del Camino del Norte es un viaje de emoci\u00f3n contenida y pasos firmes hacia el sue\u00f1o cumplido. El sendero se abre paso entre bosques y aldeas, mientras el coraz\u00f3n tarde con la [&hellip;]","og_url":"https:\/\/Decatedralacatedral.com\/?page_id=346","og_site_name":"De Catedral a Catedral","article_publisher":"https:\/\/www.facebook.com\/profile.php?id=61553246482205","article_modified_time":"2025-02-06T13:10:55+00:00","twitter_card":"summary_large_image","schema":{"@context":"https:\/\/schema.org","@graph":[{"@type":"WebPage","@id":"https:\/\/Decatedralacatedral.com\/?page_id=346","url":"https:\/\/Decatedralacatedral.com\/?page_id=346","name":"Etapa O Pino - Santiago de Compostela - De Catedral a Catedral","isPartOf":{"@id":"https:\/\/Decatedralacatedral.com\/#website"},"datePublished":"2024-10-25T14:55:34+00:00","dateModified":"2025-02-06T13:10:55+00:00","breadcrumb":{"@id":"https:\/\/Decatedralacatedral.com\/?page_id=346#breadcrumb"},"inLanguage":"es","potentialAction":[{"@type":"ReadAction","target":["https:\/\/Decatedralacatedral.com\/?page_id=346"]}]},{"@type":"BreadcrumbList","@id":"https:\/\/Decatedralacatedral.com\/?page_id=346#breadcrumb","itemListElement":[{"@type":"ListItem","position":1,"name":"Portada","item":"https:\/\/Decatedralacatedral.com\/"},{"@type":"ListItem","position":2,"name":"Camino de Santiago desde Mondo\u00f1edo \/ Etapas","item":"https:\/\/Decatedralacatedral.com\/?page_id=55"},{"@type":"ListItem","position":3,"name":"Etapa O Pino &#8211; Santiago de Compostela"}]},{"@type":"WebSite","@id":"https:\/\/Decatedralacatedral.com\/#website","url":"https:\/\/Decatedralacatedral.com\/","name":"De Catedral a Catedral","description":"Desde Mondo\u00f1edo a Santiago","potentialAction":[{"@type":"SearchAction","target":{"@type":"EntryPoint","urlTemplate":"https:\/\/Decatedralacatedral.com\/?s={search_term_string}"},"query-input":{"@type":"PropertyValueSpecification","valueRequired":true,"valueName":"search_term_string"}}],"inLanguage":"es"}]}},"_links":{"self":[{"href":"https:\/\/Decatedralacatedral.com\/index.php?rest_route=\/wp\/v2\/pages\/346","targetHints":{"allow":["GET"]}}],"collection":[{"href":"https:\/\/Decatedralacatedral.com\/index.php?rest_route=\/wp\/v2\/pages"}],"about":[{"href":"https:\/\/Decatedralacatedral.com\/index.php?rest_route=\/wp\/v2\/types\/page"}],"author":[{"embeddable":true,"href":"https:\/\/Decatedralacatedral.com\/index.php?rest_route=\/wp\/v2\/users\/1"}],"replies":[{"embeddable":true,"href":"https:\/\/Decatedralacatedral.com\/index.php?rest_route=%2Fwp%2Fv2%2Fcomments&post=346"}],"version-history":[{"count":4,"href":"https:\/\/Decatedralacatedral.com\/index.php?rest_route=\/wp\/v2\/pages\/346\/revisions"}],"predecessor-version":[{"id":432,"href":"https:\/\/Decatedralacatedral.com\/index.php?rest_route=\/wp\/v2\/pages\/346\/revisions\/432"}],"up":[{"embeddable":true,"href":"https:\/\/Decatedralacatedral.com\/index.php?rest_route=\/wp\/v2\/pages\/55"}],"wp:attachment":[{"href":"https:\/\/Decatedralacatedral.com\/index.php?rest_route=%2Fwp%2Fv2%2Fmedia&parent=346"}],"curies":[{"name":"wp","href":"https:\/\/api.w.org\/{rel}","templated":true}]}}