{"id":344,"date":"2024-10-25T14:55:10","date_gmt":"2024-10-25T14:55:10","guid":{"rendered":"https:\/\/Decatedralacatedral.com\/?page_id=344"},"modified":"2025-02-06T13:22:26","modified_gmt":"2025-02-06T13:22:26","slug":"etapa-arzua-o-pino","status":"publish","type":"page","link":"https:\/\/Decatedralacatedral.com\/?page_id=344","title":{"rendered":"Etapa Arz\u00faa &#8211; O Pino"},"content":{"rendered":"<p>[et_pb_section fb_built=\u00bb1&#8243; admin_label=\u00bbHero\u00bb _builder_version=\u00bb4.24.3&#8243; use_background_color_gradient=\u00bbon\u00bb background_color_gradient_type=\u00bbcircular\u00bb background_color_gradient_direction_radial=\u00bbtop right\u00bb background_color_gradient_stops=\u00bb#210b00 10%|rgba(33,25,21,0) 100%\u00bb background_color_gradient_overlays_image=\u00bbon\u00bb background_color_gradient_start=\u00bb#210b00&#8243; background_color_gradient_start_position=\u00bb10%\u00bb background_color_gradient_end=\u00bbrgba(33,25,21,0)\u00bb background_image=\u00bbhttps:\/\/Decatedralacatedral.com\/wp-content\/uploads\/2024\/03\/catedral.jpg\u00bb background_position=\u00bbbottom_center\u00bb min_height=\u00bb400px\u00bb custom_padding=\u00bb80px|0|0||false|false\u00bb global_colors_info=\u00bb{}\u00bb][\/et_pb_section][et_pb_section fb_built=\u00bb1&#8243; admin_label=\u00bbServices Header\u00bb _builder_version=\u00bb4.16&#8243; custom_padding=\u00bb0|0px|0|0px|false|false\u00bb global_colors_info=\u00bb{}\u00bb][et_pb_row column_structure=\u00bb2_3,1_3&#8243; use_custom_gutter=\u00bbon\u00bb gutter_width=\u00bb1&#8243; padding_top_bottom_link_2=\u00bbtrue\u00bb padding_left_right_link_2=\u00bbtrue\u00bb _builder_version=\u00bb4.16&#8243; custom_padding=\u00bb0|0px|27px|0px|false|false\u00bb animation_style=\u00bbslide\u00bb animation_direction=\u00bbtop\u00bb animation_intensity_slide=\u00bb20%\u00bb locked=\u00bboff\u00bb global_colors_info=\u00bb{}\u00bb][et_pb_column type=\u00bb2_3&#8243; _builder_version=\u00bb4.16&#8243; custom_padding=\u00bb|||\u00bb global_colors_info=\u00bb{}\u00bb custom_padding__hover=\u00bb|||\u00bb][et_pb_text _builder_version=\u00bb4.16&#8243; text_font=\u00bb||||||||\u00bb ul_font=\u00bb||||||||\u00bb ol_font=\u00bb||||||||\u00bb quote_font=\u00bb||||||||\u00bb header_font=\u00bb||||||||\u00bb header_2_font=\u00bb|800|||||||\u00bb header_2_font_size=\u00bb24px\u00bb header_2_line_height=\u00bb1.8em\u00bb header_3_font=\u00bb||||||||\u00bb header_4_font=\u00bb|800||on|||||\u00bb header_4_font_size=\u00bb16px\u00bb header_4_letter_spacing=\u00bb0.5px\u00bb header_4_line_height=\u00bb1.7em\u00bb header_5_font=\u00bb||||||||\u00bb header_6_font=\u00bb||||||||\u00bb background_color=\u00bb#efefef\u00bb padding_1_last_edited=\u00bbon|desktop\u00bb custom_padding=\u00bb30px|50px|30px|50px|true|true|20px|10%|20px|10%|true|true||on|desktop\u00bb custom_padding_tablet=\u00bb\u00bb custom_padding_phone=\u00bb20px|10%|20px|10%|true|true\u00bb custom_padding_last_edited=\u00bbon|phone\u00bb header_2_font_size_tablet=\u00bb\u00bb header_2_font_size_phone=\u00bb18px\u00bb header_2_font_size_last_edited=\u00bbon|phone\u00bb locked=\u00bboff\u00bb global_colors_info=\u00bb{}\u00bb]<\/p>\n<h4>Desde arz\u00faa a O Pino<\/h4>\n<h2>\u00daltimos suspiros del bosque antes del final<\/h2>\n<p>[\/et_pb_text][\/et_pb_column][et_pb_column type=\u00bb1_3&#8243; _builder_version=\u00bb4.16&#8243; custom_padding=\u00bb50px|50px|50px|50px\u00bb custom_padding_tablet=\u00bb50px|50px|50px|50px\u00bb custom_padding_phone=\u00bb20px|10%|20px|10%|true|true\u00bb custom_padding_last_edited=\u00bbon|phone\u00bb global_colors_info=\u00bb{}\u00bb padding_phone=\u00bb20px|10%|20px|10%|true|true\u00bb padding_last_edited=\u00bbon|phone\u00bb custom_padding__hover=\u00bb|||\u00bb][\/et_pb_column][\/et_pb_row][\/et_pb_section][et_pb_section fb_built=\u00bb1&#8243; specialty=\u00bbon\u00bb padding_top_2=\u00bb85px\u00bb admin_label=\u00bbService\u00bb _builder_version=\u00bb4.16&#8243; global_colors_info=\u00bb{}\u00bb][et_pb_column type=\u00bb1_3&#8243; _builder_version=\u00bb4.16&#8243; custom_padding=\u00bb|||\u00bb global_colors_info=\u00bb{}\u00bb custom_padding__hover=\u00bb|||\u00bb][et_pb_text _builder_version=\u00bb4.24.3&#8243; text_font=\u00bbOpen Sans||||||||\u00bb text_line_height=\u00bb2em\u00bb header_font=\u00bb||||||||\u00bb header_4_font=\u00bbOpen Sans|800||on|||||\u00bb header_4_font_size=\u00bb16px\u00bb header_4_letter_spacing=\u00bb0.5px\u00bb header_4_line_height=\u00bb1.7em\u00bb background_image=\u00bbhttps:\/\/Decatedralacatedral.com\/wp-content\/uploads\/2024\/02\/Rectangle.png\u00bb background_size=\u00bbinitial\u00bb background_position=\u00bbtop_left\u00bb custom_padding=\u00bb24px|||24px\u00bb locked=\u00bboff\u00bb global_colors_info=\u00bb{}\u00bb]<\/p>\n<h4>arz\u00faa &#8211; o pino<\/h4>\n<p>[\/et_pb_text][\/et_pb_column][et_pb_column type=\u00bb2_3&#8243; specialty_columns=\u00bb2&#8243; _builder_version=\u00bb4.16&#8243; custom_padding=\u00bb|||\u00bb global_colors_info=\u00bb{}\u00bb custom_padding__hover=\u00bb|||\u00bb][et_pb_row_inner _builder_version=\u00bb4.16&#8243; custom_padding=\u00bb29.6875px|0px|0|0px|false|false\u00bb global_colors_info=\u00bb{}\u00bb][et_pb_column_inner saved_specialty_column_type=\u00bb2_3&#8243; _builder_version=\u00bb4.16&#8243; custom_padding=\u00bb|||\u00bb global_colors_info=\u00bb{}\u00bb custom_padding__hover=\u00bb|||\u00bb][et_pb_text _builder_version=\u00bb4.24.2&#8243; text_font=\u00bbOpen Sans||||||||\u00bb text_font_size=\u00bb16px\u00bb text_line_height=\u00bb1.8em\u00bb header_font=\u00bb||||||||\u00bb header_3_font=\u00bb|800|||||||\u00bb header_3_text_color=\u00bb#f25b3a\u00bb header_3_font_size=\u00bb24px\u00bb header_3_line_height=\u00bb1.8em\u00bb max_width=\u00bb600px\u00bb header_3_font_size_tablet=\u00bb\u00bb header_3_font_size_phone=\u00bb18px\u00bb header_3_font_size_last_edited=\u00bbon|phone\u00bb locked=\u00bboff\u00bb global_colors_info=\u00bb{}\u00bb][\/et_pb_text][\/et_pb_column_inner][\/et_pb_row_inner][\/et_pb_column][\/et_pb_section][et_pb_section fb_built=\u00bb1&#8243; admin_label=\u00bbTestimonials\u00bb _builder_version=\u00bb4.16&#8243; global_colors_info=\u00bb{}\u00bb][et_pb_row _builder_version=\u00bb4.24.3&#8243; _module_preset=\u00bbdefault\u00bb width=\u00bb78.2%\u00bb global_colors_info=\u00bb{}\u00bb][et_pb_column type=\u00bb4_4&#8243; _builder_version=\u00bb4.24.3&#8243; _module_preset=\u00bbdefault\u00bb global_colors_info=\u00bb{}\u00bb][et_pb_text _builder_version=\u00bb4.24.3&#8243; _module_preset=\u00bbdefault\u00bb global_colors_info=\u00bb{}\u00bb]<\/p>\n<p><span>La pen\u00faltima etapa del Camino Franc\u00e9s y Norte nos lleva desde Arz\u00faa hasta O Pino a trav\u00e9s de un paisaje sereno y buc\u00f3lico, donde el bosque gallego se despliega en toda su belleza. La ruta transcurre entre robledales, eucaliptos y prados salpicados de aldeas con encanto, donde el tiempo parece detenerse.<\/span><\/p>\n<p><span>El recorrido es amable, con suaves ondulaciones que permiten al peregrino disfrutar del entorno sin grandes exigencias f\u00edsicas. A medida que avanzamos, peque\u00f1as capillas y cruces de piedra nos recuerdan la espiritualidad del Camino, mientras que el aroma de la tierra h\u00fameda y la hospitalidad de los lugare\u00f1os nos envuelven en una atm\u00f3sfera acogedora.<\/span><\/p>\n<p><span>O Pedrouzo, n\u00facleo principal de O Pino, marca el final de esta jornada y es el \u00faltimo gran punto de descanso antes de la ansiada llegada a Santiago. Aqu\u00ed, el cansancio se mezcla con la emoci\u00f3n, pues la meta est\u00e1 ya al alcance de la mano.<\/span><\/p>\n<p>[\/et_pb_text][\/et_pb_column][\/et_pb_row][et_pb_row column_structure=\u00bb1_2,1_2&#8243; _builder_version=\u00bb4.24.3&#8243; _module_preset=\u00bbdefault\u00bb custom_padding=\u00bb||0px|||\u00bb global_colors_info=\u00bb{}\u00bb][et_pb_column type=\u00bb1_2&#8243; _builder_version=\u00bb4.24.3&#8243; _module_preset=\u00bbdefault\u00bb global_colors_info=\u00bb{}\u00bb][et_pb_text _builder_version=\u00bb4.24.3&#8243; _module_preset=\u00bbdefault\u00bb global_colors_info=\u00bb{}\u00bb]<\/p>\n<p>LUGARES DE INTER\u00c9S DURANTE LA ETAPA<\/p>\n<p><span style=\"font-size: 14px;\">En la etapa de <\/span><strong style=\"font-size: 14px;\">Arz\u00faa a O Pino<\/strong><span style=\"font-size: 14px;\"> , los peregrinos pueden encontrar varios lugares de inter\u00e9s, tanto naturales como culturales:<\/span><\/p>\n<p><span style=\"font-size: 14px;\"><\/span><\/p>\n<ol>\n<li><span><strong>Ermita de Santa Irene.-<\/strong>Situada en el peque\u00f1o n\u00facleo de Santa Irene, esta ermita del siglo XVII es un lugar de gran simbolismo para los peregrinos. A su lado se encuentra una fuente a la que se le atribuyen propiedades curativas.<\/span><\/li>\n<li><strong>Bosques de eucaliptos y robledales.- <\/strong><span>Gran parte del camino transcurre por senderos arbolados que ofrecen sombra y un ambiente de tranquilidad. Es un tramo perfecto para conectarse con la naturaleza antes de la llegada a Santiago.<\/span><\/li>\n<li><span><\/span><strong><span>Cruceiros y peque\u00f1as aldeas tradicionales.- <\/span><\/strong>Durante el recorrido se pueden ver antiguos <strong>cruceiros<\/strong> (cruces de piedra) y aldeas como <strong>A R\u00faa, O Empalme y A Brea<\/strong> , que conservan la arquitectura rural gallega y donde es posible hacer una pausa para disfrutar de la gastronom\u00eda local.<\/li>\n<li><span><\/span><strong><span>El Pedrouzo.- <\/span><\/strong>N\u00facleo principal de O Pino y punto final de la etapa. Aqu\u00ed los peregrinos encuentran todos los servicios y pueden visitar la iglesia parroquial de <strong>Santa Eulalia de Arca<\/strong> , un templo de origen medieval con interesantes modificaciones barrocas.\n<p><span>Esta etapa, aunque sencilla, es especial por su atm\u00f3sfera de expectaci\u00f3n y reconocimiento, pues marca el \u00faltimo esfuerzo antes de llegar a Santiago de Compostela.<\/span><\/p>\n<\/li>\n<\/ol>\n<ul><\/ul>\n<p>[\/et_pb_text][\/et_pb_column][et_pb_column type=\u00bb1_2&#8243; _builder_version=\u00bb4.24.3&#8243; _module_preset=\u00bbdefault\u00bb global_colors_info=\u00bb{}\u00bb][et_pb_image src=\u00bbhttps:\/\/Decatedralacatedral.com\/wp-content\/uploads\/2025\/02\/1200px-Capela_de_Santa_Irene_de_Arca.jpg\u00bb title_text=\u00bb1200px-Capela_de_Santa_Irene_de_Arca\u00bb _builder_version=\u00bb4.24.3&#8243; _module_preset=\u00bbdefault\u00bb global_colors_info=\u00bb{}\u00bb][\/et_pb_image][\/et_pb_column][\/et_pb_row][\/et_pb_section][et_pb_section fb_built=\u00bb1&#8243; _builder_version=\u00bb4.24.3&#8243; _module_preset=\u00bbdefault\u00bb global_colors_info=\u00bb{}\u00bb][et_pb_row _builder_version=\u00bb4.24.3&#8243; _module_preset=\u00bbdefault\u00bb global_colors_info=\u00bb{}\u00bb][et_pb_column type=\u00bb4_4&#8243; _builder_version=\u00bb4.24.3&#8243; _module_preset=\u00bbdefault\u00bb global_colors_info=\u00bb{}\u00bb][et_pb_heading title=\u00bbDatos de inter\u00e9s en esta etapa\u00bb _builder_version=\u00bb4.24.3&#8243; _module_preset=\u00bbdefault\u00bb global_colors_info=\u00bb{}\u00bb][\/et_pb_heading][\/et_pb_column][\/et_pb_row][et_pb_row column_structure=\u00bb2_5,3_5&#8243; _builder_version=\u00bb4.24.3&#8243; _module_preset=\u00bbdefault\u00bb global_colors_info=\u00bb{}\u00bb][et_pb_column type=\u00bb2_5&#8243; _builder_version=\u00bb4.24.3&#8243; _module_preset=\u00bbdefault\u00bb global_colors_info=\u00bb{}\u00bb][et_pb_slider _builder_version=\u00bb4.24.3&#8243; _module_preset=\u00bbdefault\u00bb global_colors_info=\u00bb{}\u00bb][et_pb_slide heading=\u00bbDistancia\u00bb _builder_version=\u00bb4.24.3&#8243; _module_preset=\u00bbdefault\u00bb global_colors_info=\u00bb{}\u00bb sticky_transition=\u00bbon\u00bb]<\/p>\n<h2>17,7 km<\/h2>\n<p>[\/et_pb_slide][\/et_pb_slider][et_pb_image src=\u00bbhttps:\/\/Decatedralacatedral.com\/wp-content\/uploads\/2025\/02\/arzua-o-pino.jpg\u00bb title_text=\u00bbarzua-o-pino\u00bb _builder_version=\u00bb4.24.3&#8243; _module_preset=\u00bbdefault\u00bb global_colors_info=\u00bb{}\u00bb][\/et_pb_image][\/et_pb_column][et_pb_column type=\u00bb3_5&#8243; _builder_version=\u00bb4.24.3&#8243; _module_preset=\u00bbdefault\u00bb global_colors_info=\u00bb{}\u00bb][et_pb_heading title=\u00bbServicios en O Pino\u00bb _builder_version=\u00bb4.24.3&#8243; _module_preset=\u00bbdefault\u00bb global_colors_info=\u00bb{}\u00bb][\/et_pb_heading][et_pb_accordion _builder_version=\u00bb4.24.3&#8243; _module_preset=\u00bbdefault\u00bb global_colors_info=\u00bb{}\u00bb][et_pb_accordion_item title=\u00bbAlojamientos\u00bb _builder_version=\u00bb4.24.3&#8243; _module_preset=\u00bbdefault\u00bb global_colors_info=\u00bb{}\u00bb open=\u00bbon\u00bb]<\/p>\n<ul>\n<li>Hotel O Pino: Calle A R\u00faa, 9, 15821 (Arca, A Coru\u00f1a. Tlfno: +34 981 51 10 35<\/li>\n<li>Pensi\u00f3n Arca: R\u00faa Mollaos, 25, 15821 O Pedrouzo, A Coru\u00f1a. Tlfno: +34 657 88 85 94<\/li>\n<li>Albergue O Burgo: Av. Lugo, 47, 15821 O Pedrouzo, A Coru\u00f1a. Tlfno: +34 981 51 14 06<\/li>\n<\/ul>\n<p>[\/et_pb_accordion_item][et_pb_accordion_item title=\u00bbRestaurantes\u00bb _builder_version=\u00bb4.24.3&#8243; _module_preset=\u00bbdefault\u00bb global_colors_info=\u00bb{}\u00bb open=\u00bboff\u00bb]<\/p>\n<ul>\n<li>O Escondido: Av. Lugo, 21, 15821 O Pedrouzo, A Coru\u00f1a. Tlfno: +34 670 75 06 49<\/li>\n<li>Arca Gourmet: Avenida Santiago, 7, 15821 O Pedrouzo, A Coru\u00f1a. Tlfno: +34 637 55 13 80<\/li>\n<li>Bar O Pedrouzo: R\u00faa Concello, 3, 15821 O Pedrouzo, A Coru\u00f1a. Tlfno: +34 981 51 10 83<\/li>\n<\/ul>\n<p>[\/et_pb_accordion_item][et_pb_accordion_item title=\u00bbSupermercados\u00bb _builder_version=\u00bb4.24.3&#8243; _module_preset=\u00bbdefault\u00bb global_colors_info=\u00bb{}\u00bb open=\u00bboff\u00bb]<\/p>\n<ul>\n<li>Dia: Avenida Santiago, 39, 15821 ARCA, A Coru\u00f1a. Tflno: +34 912 17 04 53<\/li>\n<li>Eroski: R\u00faa Codesal, 4, 15821 O Pino, A Coru\u00f1a. Tlfno: +34 981 51 12 62<\/li>\n<\/ul>\n<p>[\/et_pb_accordion_item][et_pb_accordion_item title=\u00bbTransporte\u00bb open=\u00bboff\u00bb _builder_version=\u00bb4.24.3&#8243; _module_preset=\u00bbdefault\u00bb global_colors_info=\u00bb{}\u00bb]<\/p>\n<ul>\n<li>Mochila Express: Tlfno: +34 627 435 758<\/li>\n<li>Parada de autobus &#8211; Monbus: Tlfno: +34 900 92 91 92<\/li>\n<li>David Balado: R\u00faa Minas, Portal 2, 15821 Piso1\u00b0, A Coru\u00f1a. Tlfno: +34 655 02 99 84<\/li>\n<li>Bao: Av. Lugo, 11, 1\u00ba Izquierda, 15821 O Pedrouzo, A Coru\u00f1a. Tlfno: +34 659 68 08 23<\/li>\n<\/ul>\n<p>[\/et_pb_accordion_item][et_pb_accordion_item title=\u00bbFarmacias\u00bb _builder_version=\u00bb4.24.3&#8243; _module_preset=\u00bbdefault\u00bb global_colors_info=\u00bb{}\u00bb open=\u00bboff\u00bb]<\/p>\n<ul>\n<li>Ordo\u00f1ez: Avenida Santiago, 34, 15821 O Pedrouzo, A Coru\u00f1a. Tlfno: +34 981 51 10 55<\/li>\n<li>Pazos: Av. Lugo, 6, 15821 O Pedrouzo, A Coru\u00f1a. Tlfno: +34 981 51 10 54<\/li>\n<\/ul>\n<p>[\/et_pb_accordion_item][\/et_pb_accordion][\/et_pb_column][\/et_pb_row][et_pb_row _builder_version=\u00bb4.24.3&#8243; _module_preset=\u00bbdefault\u00bb global_colors_info=\u00bb{}\u00bb][et_pb_column type=\u00bb4_4&#8243; _builder_version=\u00bb4.24.3&#8243; _module_preset=\u00bbdefault\u00bb global_colors_info=\u00bb{}\u00bb][et_pb_code _builder_version=\u00bb4.24.3&#8243; _module_preset=\u00bbdefault\u00bb global_colors_info=\u00bb{}\u00bb]<iframe src=\"https:\/\/www.google.com\/maps\/embed?pb=!1m28!1m12!1m3!1d78614.85286091876!2d-8.291215400844015!3d42.92470042839732!2m3!1f0!2f0!3f0!3m2!1i1024!2i768!4f13.1!4m13!3e2!4m5!1s0xd2e4af7b5e6c9dd%3A0xbf964e73edfe7fce!2zU2FudGlhZ28gZGUgQXJ6w7phLCAxNTgxOSBBcnrDumEsIExhIENvcnXDsWE!3m2!1d42.9210178!2d-8.1642207!4m5!1s0xd2e523cfba6e473%3A0x2858974e75f952cb!2sO%20Pino%2C%20El%20Pino!3m2!1d42.9359076!2d-8.3330345!5e0!3m2!1ses!2ses!4v1738845775841!5m2!1ses!2ses\" width=\"1080\" height=\"600\" style=\"border:0;\" allowfullscreen=\"\" loading=\"lazy\" referrerpolicy=\"no-referrer-when-downgrade\"><\/iframe>[\/et_pb_code][\/et_pb_column][\/et_pb_row][\/et_pb_section]<\/p>\n","protected":false},"excerpt":{"rendered":"<p>Desde arz\u00faa a O Pino \u00daltimos suspiros del bosque antes del finalarz\u00faa &#8211; o pinoLa pen\u00faltima etapa del Camino Franc\u00e9s y Norte nos lleva desde Arz\u00faa hasta O Pino a trav\u00e9s de un paisaje sereno y buc\u00f3lico, donde el bosque gallego se despliega en toda su belleza. La ruta transcurre entre robledales, eucaliptos y prados [&hellip;]<\/p>\n","protected":false},"author":1,"featured_media":0,"parent":55,"menu_order":0,"comment_status":"closed","ping_status":"closed","template":"","meta":{"_et_pb_use_builder":"on","_et_pb_old_content":"","_et_gb_content_width":"","_joinchat":[],"footnotes":""},"class_list":["post-344","page","type-page","status-publish","hentry"],"yoast_head":"<!-- This site is optimized with the Yoast SEO plugin v27.2 - https:\/\/yoast.com\/product\/yoast-seo-wordpress\/ -->\n<title>Etapa Arz\u00faa - O Pino - De Catedral a Catedral<\/title>\n<meta name=\"robots\" content=\"index, follow, max-snippet:-1, max-image-preview:large, max-video-preview:-1\" \/>\n<link rel=\"canonical\" href=\"https:\/\/Decatedralacatedral.com\/?page_id=344\" \/>\n<meta property=\"og:locale\" content=\"es_ES\" \/>\n<meta property=\"og:type\" content=\"article\" \/>\n<meta property=\"og:title\" content=\"Etapa Arz\u00faa - O Pino - De Catedral a Catedral\" \/>\n<meta property=\"og:description\" content=\"Desde arz\u00faa a O Pino \u00daltimos suspiros del bosque antes del finalarz\u00faa - o pinoLa pen\u00faltima etapa del Camino Franc\u00e9s y Norte nos lleva desde Arz\u00faa hasta O Pino a trav\u00e9s de un paisaje sereno y buc\u00f3lico, donde el bosque gallego se despliega en toda su belleza. La ruta transcurre entre robledales, eucaliptos y prados [&hellip;]\" \/>\n<meta property=\"og:url\" content=\"https:\/\/Decatedralacatedral.com\/?page_id=344\" \/>\n<meta property=\"og:site_name\" content=\"De Catedral a Catedral\" \/>\n<meta property=\"article:publisher\" content=\"https:\/\/www.facebook.com\/profile.php?id=61553246482205\" \/>\n<meta property=\"article:modified_time\" content=\"2025-02-06T13:22:26+00:00\" \/>\n<meta name=\"twitter:card\" content=\"summary_large_image\" \/>\n<script type=\"application\/ld+json\" class=\"yoast-schema-graph\">{\"@context\":\"https:\/\/schema.org\",\"@graph\":[{\"@type\":\"WebPage\",\"@id\":\"https:\/\/Decatedralacatedral.com\/?page_id=344\",\"url\":\"https:\/\/Decatedralacatedral.com\/?page_id=344\",\"name\":\"Etapa Arz\u00faa - O Pino - De Catedral a Catedral\",\"isPartOf\":{\"@id\":\"https:\/\/Decatedralacatedral.com\/#website\"},\"datePublished\":\"2024-10-25T14:55:10+00:00\",\"dateModified\":\"2025-02-06T13:22:26+00:00\",\"breadcrumb\":{\"@id\":\"https:\/\/Decatedralacatedral.com\/?page_id=344#breadcrumb\"},\"inLanguage\":\"es\",\"potentialAction\":[{\"@type\":\"ReadAction\",\"target\":[\"https:\/\/Decatedralacatedral.com\/?page_id=344\"]}]},{\"@type\":\"BreadcrumbList\",\"@id\":\"https:\/\/Decatedralacatedral.com\/?page_id=344#breadcrumb\",\"itemListElement\":[{\"@type\":\"ListItem\",\"position\":1,\"name\":\"Portada\",\"item\":\"https:\/\/Decatedralacatedral.com\/\"},{\"@type\":\"ListItem\",\"position\":2,\"name\":\"Camino de Santiago desde Mondo\u00f1edo \/ Etapas\",\"item\":\"https:\/\/Decatedralacatedral.com\/?page_id=55\"},{\"@type\":\"ListItem\",\"position\":3,\"name\":\"Etapa Arz\u00faa &#8211; O Pino\"}]},{\"@type\":\"WebSite\",\"@id\":\"https:\/\/Decatedralacatedral.com\/#website\",\"url\":\"https:\/\/Decatedralacatedral.com\/\",\"name\":\"De Catedral a Catedral\",\"description\":\"Desde Mondo\u00f1edo a Santiago\",\"potentialAction\":[{\"@type\":\"SearchAction\",\"target\":{\"@type\":\"EntryPoint\",\"urlTemplate\":\"https:\/\/Decatedralacatedral.com\/?s={search_term_string}\"},\"query-input\":{\"@type\":\"PropertyValueSpecification\",\"valueRequired\":true,\"valueName\":\"search_term_string\"}}],\"inLanguage\":\"es\"}]}<\/script>\n<!-- \/ Yoast SEO plugin. -->","yoast_head_json":{"title":"Etapa Arz\u00faa - O Pino - De Catedral a Catedral","robots":{"index":"index","follow":"follow","max-snippet":"max-snippet:-1","max-image-preview":"max-image-preview:large","max-video-preview":"max-video-preview:-1"},"canonical":"https:\/\/Decatedralacatedral.com\/?page_id=344","og_locale":"es_ES","og_type":"article","og_title":"Etapa Arz\u00faa - O Pino - De Catedral a Catedral","og_description":"Desde arz\u00faa a O Pino \u00daltimos suspiros del bosque antes del finalarz\u00faa - o pinoLa pen\u00faltima etapa del Camino Franc\u00e9s y Norte nos lleva desde Arz\u00faa hasta O Pino a trav\u00e9s de un paisaje sereno y buc\u00f3lico, donde el bosque gallego se despliega en toda su belleza. La ruta transcurre entre robledales, eucaliptos y prados [&hellip;]","og_url":"https:\/\/Decatedralacatedral.com\/?page_id=344","og_site_name":"De Catedral a Catedral","article_publisher":"https:\/\/www.facebook.com\/profile.php?id=61553246482205","article_modified_time":"2025-02-06T13:22:26+00:00","twitter_card":"summary_large_image","schema":{"@context":"https:\/\/schema.org","@graph":[{"@type":"WebPage","@id":"https:\/\/Decatedralacatedral.com\/?page_id=344","url":"https:\/\/Decatedralacatedral.com\/?page_id=344","name":"Etapa Arz\u00faa - O Pino - De Catedral a Catedral","isPartOf":{"@id":"https:\/\/Decatedralacatedral.com\/#website"},"datePublished":"2024-10-25T14:55:10+00:00","dateModified":"2025-02-06T13:22:26+00:00","breadcrumb":{"@id":"https:\/\/Decatedralacatedral.com\/?page_id=344#breadcrumb"},"inLanguage":"es","potentialAction":[{"@type":"ReadAction","target":["https:\/\/Decatedralacatedral.com\/?page_id=344"]}]},{"@type":"BreadcrumbList","@id":"https:\/\/Decatedralacatedral.com\/?page_id=344#breadcrumb","itemListElement":[{"@type":"ListItem","position":1,"name":"Portada","item":"https:\/\/Decatedralacatedral.com\/"},{"@type":"ListItem","position":2,"name":"Camino de Santiago desde Mondo\u00f1edo \/ Etapas","item":"https:\/\/Decatedralacatedral.com\/?page_id=55"},{"@type":"ListItem","position":3,"name":"Etapa Arz\u00faa &#8211; O Pino"}]},{"@type":"WebSite","@id":"https:\/\/Decatedralacatedral.com\/#website","url":"https:\/\/Decatedralacatedral.com\/","name":"De Catedral a Catedral","description":"Desde Mondo\u00f1edo a Santiago","potentialAction":[{"@type":"SearchAction","target":{"@type":"EntryPoint","urlTemplate":"https:\/\/Decatedralacatedral.com\/?s={search_term_string}"},"query-input":{"@type":"PropertyValueSpecification","valueRequired":true,"valueName":"search_term_string"}}],"inLanguage":"es"}]}},"_links":{"self":[{"href":"https:\/\/Decatedralacatedral.com\/index.php?rest_route=\/wp\/v2\/pages\/344","targetHints":{"allow":["GET"]}}],"collection":[{"href":"https:\/\/Decatedralacatedral.com\/index.php?rest_route=\/wp\/v2\/pages"}],"about":[{"href":"https:\/\/Decatedralacatedral.com\/index.php?rest_route=\/wp\/v2\/types\/page"}],"author":[{"embeddable":true,"href":"https:\/\/Decatedralacatedral.com\/index.php?rest_route=\/wp\/v2\/users\/1"}],"replies":[{"embeddable":true,"href":"https:\/\/Decatedralacatedral.com\/index.php?rest_route=%2Fwp%2Fv2%2Fcomments&post=344"}],"version-history":[{"count":10,"href":"https:\/\/Decatedralacatedral.com\/index.php?rest_route=\/wp\/v2\/pages\/344\/revisions"}],"predecessor-version":[{"id":441,"href":"https:\/\/Decatedralacatedral.com\/index.php?rest_route=\/wp\/v2\/pages\/344\/revisions\/441"}],"up":[{"embeddable":true,"href":"https:\/\/Decatedralacatedral.com\/index.php?rest_route=\/wp\/v2\/pages\/55"}],"wp:attachment":[{"href":"https:\/\/Decatedralacatedral.com\/index.php?rest_route=%2Fwp%2Fv2%2Fmedia&parent=344"}],"curies":[{"name":"wp","href":"https:\/\/api.w.org\/{rel}","templated":true}]}}