{"id":342,"date":"2024-10-25T14:54:28","date_gmt":"2024-10-25T14:54:28","guid":{"rendered":"https:\/\/Decatedralacatedral.com\/?page_id=342"},"modified":"2025-02-06T13:21:45","modified_gmt":"2025-02-06T13:21:45","slug":"etapa-sobrado-dos-monxes-arzua","status":"publish","type":"page","link":"https:\/\/Decatedralacatedral.com\/?page_id=342","title":{"rendered":"Etapa Sobrado dos Monxes &#8211; Arz\u00faa"},"content":{"rendered":"<p>[et_pb_section fb_built=\u00bb1&#8243; admin_label=\u00bbHero\u00bb _builder_version=\u00bb4.24.3&#8243; use_background_color_gradient=\u00bbon\u00bb background_color_gradient_type=\u00bbcircular\u00bb background_color_gradient_direction_radial=\u00bbtop right\u00bb background_color_gradient_stops=\u00bb#210b00 10%|rgba(33,25,21,0) 100%\u00bb background_color_gradient_overlays_image=\u00bbon\u00bb background_color_gradient_start=\u00bb#210b00&#8243; background_color_gradient_start_position=\u00bb10%\u00bb background_color_gradient_end=\u00bbrgba(33,25,21,0)\u00bb background_image=\u00bbhttps:\/\/Decatedralacatedral.com\/wp-content\/uploads\/2024\/03\/catedral.jpg\u00bb background_position=\u00bbbottom_center\u00bb min_height=\u00bb400px\u00bb custom_padding=\u00bb80px|0|0||false|false\u00bb global_colors_info=\u00bb{}\u00bb][\/et_pb_section][et_pb_section fb_built=\u00bb1&#8243; admin_label=\u00bbServices Header\u00bb _builder_version=\u00bb4.16&#8243; custom_padding=\u00bb0|0px|0|0px|false|false\u00bb global_colors_info=\u00bb{}\u00bb][et_pb_row column_structure=\u00bb2_3,1_3&#8243; use_custom_gutter=\u00bbon\u00bb gutter_width=\u00bb1&#8243; padding_top_bottom_link_2=\u00bbtrue\u00bb padding_left_right_link_2=\u00bbtrue\u00bb _builder_version=\u00bb4.16&#8243; custom_padding=\u00bb0|0px|27px|0px|false|false\u00bb animation_style=\u00bbslide\u00bb animation_direction=\u00bbtop\u00bb animation_intensity_slide=\u00bb20%\u00bb locked=\u00bboff\u00bb global_colors_info=\u00bb{}\u00bb][et_pb_column type=\u00bb2_3&#8243; _builder_version=\u00bb4.16&#8243; custom_padding=\u00bb|||\u00bb global_colors_info=\u00bb{}\u00bb custom_padding__hover=\u00bb|||\u00bb][et_pb_text _builder_version=\u00bb4.16&#8243; text_font=\u00bb||||||||\u00bb ul_font=\u00bb||||||||\u00bb ol_font=\u00bb||||||||\u00bb quote_font=\u00bb||||||||\u00bb header_font=\u00bb||||||||\u00bb header_2_font=\u00bb|800|||||||\u00bb header_2_font_size=\u00bb24px\u00bb header_2_line_height=\u00bb1.8em\u00bb header_3_font=\u00bb||||||||\u00bb header_4_font=\u00bb|800||on|||||\u00bb header_4_font_size=\u00bb16px\u00bb header_4_letter_spacing=\u00bb0.5px\u00bb header_4_line_height=\u00bb1.7em\u00bb header_5_font=\u00bb||||||||\u00bb header_6_font=\u00bb||||||||\u00bb background_color=\u00bb#efefef\u00bb padding_1_last_edited=\u00bbon|desktop\u00bb custom_padding=\u00bb30px|50px|30px|50px|true|true|20px|10%|20px|10%|true|true||on|desktop\u00bb custom_padding_tablet=\u00bb\u00bb custom_padding_phone=\u00bb20px|10%|20px|10%|true|true\u00bb custom_padding_last_edited=\u00bbon|phone\u00bb header_2_font_size_tablet=\u00bb\u00bb header_2_font_size_phone=\u00bb18px\u00bb header_2_font_size_last_edited=\u00bbon|phone\u00bb locked=\u00bboff\u00bb global_colors_info=\u00bb{}\u00bb]<\/p>\n<h4>\u00a0Desde sobrado dos monxes a arz\u00faa<\/h4>\n<h2>Aqu\u00ed se encuentran el Camino Norte y el Franc\u00e9s<\/h2>\n<p>[\/et_pb_text][\/et_pb_column][et_pb_column type=\u00bb1_3&#8243; _builder_version=\u00bb4.16&#8243; custom_padding=\u00bb50px|50px|50px|50px\u00bb custom_padding_tablet=\u00bb50px|50px|50px|50px\u00bb custom_padding_phone=\u00bb20px|10%|20px|10%|true|true\u00bb custom_padding_last_edited=\u00bbon|phone\u00bb global_colors_info=\u00bb{}\u00bb padding_phone=\u00bb20px|10%|20px|10%|true|true\u00bb padding_last_edited=\u00bbon|phone\u00bb custom_padding__hover=\u00bb|||\u00bb][\/et_pb_column][\/et_pb_row][\/et_pb_section][et_pb_section fb_built=\u00bb1&#8243; specialty=\u00bbon\u00bb padding_top_2=\u00bb85px\u00bb admin_label=\u00bbService\u00bb _builder_version=\u00bb4.16&#8243; global_colors_info=\u00bb{}\u00bb][et_pb_column type=\u00bb1_3&#8243; _builder_version=\u00bb4.16&#8243; custom_padding=\u00bb|||\u00bb global_colors_info=\u00bb{}\u00bb custom_padding__hover=\u00bb|||\u00bb][et_pb_text _builder_version=\u00bb4.16&#8243; text_font=\u00bbOpen Sans||||||||\u00bb text_line_height=\u00bb2em\u00bb header_font=\u00bb||||||||\u00bb header_4_font=\u00bbOpen Sans|800||on|||||\u00bb header_4_font_size=\u00bb16px\u00bb header_4_letter_spacing=\u00bb0.5px\u00bb header_4_line_height=\u00bb1.7em\u00bb background_image=\u00bbhttps:\/\/Decatedralacatedral.com\/wp-content\/uploads\/2024\/02\/Rectangle.png\u00bb background_size=\u00bbinitial\u00bb background_position=\u00bbtop_left\u00bb custom_padding=\u00bb24px|||24px\u00bb locked=\u00bboff\u00bb global_colors_info=\u00bb{}\u00bb]<\/p>\n<h4>\u00a0sobrado dos monxes -arz\u00faa<\/h4>\n<p>[\/et_pb_text][\/et_pb_column][et_pb_column type=\u00bb2_3&#8243; specialty_columns=\u00bb2&#8243; _builder_version=\u00bb4.16&#8243; custom_padding=\u00bb|||\u00bb global_colors_info=\u00bb{}\u00bb custom_padding__hover=\u00bb|||\u00bb][et_pb_row_inner _builder_version=\u00bb4.16&#8243; custom_padding=\u00bb29.6875px|0px|0|0px|false|false\u00bb global_colors_info=\u00bb{}\u00bb][et_pb_column_inner saved_specialty_column_type=\u00bb2_3&#8243; _builder_version=\u00bb4.16&#8243; custom_padding=\u00bb|||\u00bb global_colors_info=\u00bb{}\u00bb custom_padding__hover=\u00bb|||\u00bb][et_pb_text _builder_version=\u00bb4.24.2&#8243; text_font=\u00bbOpen Sans||||||||\u00bb text_font_size=\u00bb16px\u00bb text_line_height=\u00bb1.8em\u00bb header_font=\u00bb||||||||\u00bb header_3_font=\u00bb|800|||||||\u00bb header_3_text_color=\u00bb#f25b3a\u00bb header_3_font_size=\u00bb24px\u00bb header_3_line_height=\u00bb1.8em\u00bb max_width=\u00bb600px\u00bb header_3_font_size_tablet=\u00bb\u00bb header_3_font_size_phone=\u00bb18px\u00bb header_3_font_size_last_edited=\u00bbon|phone\u00bb locked=\u00bboff\u00bb global_colors_info=\u00bb{}\u00bb][\/et_pb_text][\/et_pb_column_inner][\/et_pb_row_inner][\/et_pb_column][\/et_pb_section][et_pb_section fb_built=\u00bb1&#8243; admin_label=\u00bbTestimonials\u00bb _builder_version=\u00bb4.16&#8243; global_colors_info=\u00bb{}\u00bb][et_pb_row _builder_version=\u00bb4.24.3&#8243; _module_preset=\u00bbdefault\u00bb width=\u00bb78.2%\u00bb global_colors_info=\u00bb{}\u00bb][et_pb_column type=\u00bb4_4&#8243; _builder_version=\u00bb4.24.3&#8243; _module_preset=\u00bbdefault\u00bb global_colors_info=\u00bb{}\u00bb][et_pb_text _builder_version=\u00bb4.24.3&#8243; _module_preset=\u00bbdefault\u00bb global_colors_info=\u00bb{}\u00bb]<\/p>\n<p><span>Debemos de saber, que <strong>Sobrado dos Monxes\u00a0<\/strong>es la \u00faltima de etapa del <strong>Camino del Norte,<\/strong> y desde aqu\u00ed el camino contin\u00faa por el itinerario del camino franc\u00e9s, por lo que al\u00a0llegar a <strong>Arz\u00faa\u00a0<\/strong>percibir\u00e1s una mayor afluencia de peregrinos.<\/span><\/p>\n<p><span>Dejando atr\u00e1s la grandiosidad del monasterio de\u00a0<\/span><span><strong>Sobrado<\/strong><\/span><span>, continuaremos por una ruta que nos seducir\u00e1 por la riqueza del frondoso paisaje gallego y las valiosas muestras de arquitectura popular. Desde\u00a0<\/span><span><strong>Boimorto<\/strong><\/span><span>\u00a0continuar\u00e1s hacia\u00a0<\/span><span><strong>Sendelle<\/strong><\/span><span>, donde se encuentra una iglesia rom\u00e1nica del siglo XII., Siguiendo tu camino finalizas la ruta en\u00a0<\/span><span><strong>Arz\u00faa<\/strong><\/span><span>\u00a0\u2014localidad c\u00e9lebre, desde el punto de vista gastron\u00f3mico, por los quesos de la comarca, pertenecientes a la Denominaci\u00f3n de Origen\u00a0<\/span><span><strong>Arz\u00faa-Ulloa<\/strong><\/span><span>\u2014y aqu\u00ed el Camino se hace urbano.\u00a0<\/span><\/p>\n<p>[\/et_pb_text][\/et_pb_column][\/et_pb_row][et_pb_row column_structure=\u00bb1_2,1_2&#8243; _builder_version=\u00bb4.24.3&#8243; _module_preset=\u00bbdefault\u00bb custom_padding=\u00bb||0px|||\u00bb global_colors_info=\u00bb{}\u00bb][et_pb_column type=\u00bb1_2&#8243; _builder_version=\u00bb4.24.3&#8243; _module_preset=\u00bbdefault\u00bb global_colors_info=\u00bb{}\u00bb][et_pb_text _builder_version=\u00bb4.24.3&#8243; _module_preset=\u00bbdefault\u00bb global_colors_info=\u00bb{}\u00bb]<\/p>\n<p>LUGARES DE INTER\u00c9S DURANTE LA ETAPA<\/p>\n<ul>\n<li>Capilla de San Alberte &#8211; Guitir\u00edz<\/li>\n<li>Cruceiro y fuente renacentistas (carballeira de San Alberte)- Guitiriz<\/li>\n<li>Casa de los Saavedra<\/li>\n<li>Iglesia de Santiago &#8211; MIraz<\/li>\n<\/ul>\n<p>[\/et_pb_text][\/et_pb_column][et_pb_column type=\u00bb1_2&#8243; _builder_version=\u00bb4.24.3&#8243; _module_preset=\u00bbdefault\u00bb global_colors_info=\u00bb{}\u00bb][et_pb_text _builder_version=\u00bb4.24.3&#8243; _module_preset=\u00bbdefault\u00bb custom_padding=\u00bb0px|||||\u00bb global_colors_info=\u00bb{}\u00bb]<\/p>\n<p>LUGARES DE INTER\u00c9S A TU LLEGADA A ABAD\u00cdN<\/p>\n<ul>\n<li>Monasterio de Santa Mar\u00eda de Sobrado \u2013 Sobrado dos Monxes<\/li>\n<li>Lagoa de Sobrado \u2013 Sobrado dos Monxes<\/li>\n<li>Campamento romano de Ciadella \u2013 Sobrado dos Monxes<\/li>\n<\/ul>\n<p>[\/et_pb_text][\/et_pb_column][\/et_pb_row][\/et_pb_section][et_pb_section fb_built=\u00bb1&#8243; _builder_version=\u00bb4.24.3&#8243; _module_preset=\u00bbdefault\u00bb global_colors_info=\u00bb{}\u00bb][et_pb_row _builder_version=\u00bb4.24.3&#8243; _module_preset=\u00bbdefault\u00bb global_colors_info=\u00bb{}\u00bb][et_pb_column type=\u00bb4_4&#8243; _builder_version=\u00bb4.24.3&#8243; _module_preset=\u00bbdefault\u00bb global_colors_info=\u00bb{}\u00bb][et_pb_heading title=\u00bbDatos de inter\u00e9s en esta etapa\u00bb _builder_version=\u00bb4.24.3&#8243; _module_preset=\u00bbdefault\u00bb global_colors_info=\u00bb{}\u00bb][\/et_pb_heading][\/et_pb_column][\/et_pb_row][et_pb_row column_structure=\u00bb2_5,3_5&#8243; _builder_version=\u00bb4.24.3&#8243; _module_preset=\u00bbdefault\u00bb global_colors_info=\u00bb{}\u00bb][et_pb_column type=\u00bb2_5&#8243; _builder_version=\u00bb4.24.3&#8243; _module_preset=\u00bbdefault\u00bb global_colors_info=\u00bb{}\u00bb][et_pb_slider _builder_version=\u00bb4.24.3&#8243; _module_preset=\u00bbdefault\u00bb global_colors_info=\u00bb{}\u00bb][et_pb_slide heading=\u00bbDistancia\u00bb _builder_version=\u00bb4.24.3&#8243; _module_preset=\u00bbdefault\u00bb global_colors_info=\u00bb{}\u00bb sticky_transition=\u00bbon\u00bb]<\/p>\n<h2>26,7 km<\/h2>\n<p>[\/et_pb_slide][\/et_pb_slider][et_pb_image src=\u00bbhttps:\/\/Decatedralacatedral.com\/wp-content\/uploads\/2024\/10\/desnivel-sobrado-arzua-1.jpg\u00bb title_text=\u00bbdesnivel-sobrado-arzua\u00bb _builder_version=\u00bb4.24.3&#8243; _module_preset=\u00bbdefault\u00bb global_colors_info=\u00bb{}\u00bb][\/et_pb_image][\/et_pb_column][et_pb_column type=\u00bb3_5&#8243; _builder_version=\u00bb4.24.3&#8243; _module_preset=\u00bbdefault\u00bb global_colors_info=\u00bb{}\u00bb][et_pb_heading title=\u00bbServicios en Arz\u00faa\u00bb _builder_version=\u00bb4.24.3&#8243; _module_preset=\u00bbdefault\u00bb global_colors_info=\u00bb{}\u00bb][\/et_pb_heading][et_pb_accordion _builder_version=\u00bb4.24.3&#8243; _module_preset=\u00bbdefault\u00bb global_colors_info=\u00bb{}\u00bb][et_pb_accordion_item title=\u00bbAlojamientos\u00bb open=\u00bbon\u00bb _builder_version=\u00bb4.24.3&#8243; _module_preset=\u00bbdefault\u00bb global_colors_info=\u00bb{}\u00bb]<\/p>\n<ul>\n<li>La Puerta de \u00c1rz\u00faa: R\u00faa Lugo, 15810 Arz\u00faa, A Coru\u00f1a. Tlfno: +34 680 95 36 94<\/li>\n<li>Albergue Cima do Lugar: R\u00faa Cima do Lugar, 22, 15810 Arz\u00faa, A Coru\u00f1a. Tlfno: +34 661 63 36 69<\/li>\n<li>Albergue Municipal: R\u00faa Cima do Lugar, 6, 15810 Arz\u00faa, A Coru\u00f1a. Tlfno: +34 660 39 68 24<\/li>\n<li>Hotel Arz\u00faa: R\u00faa Lugo, 132, 15810 Arz\u00faa, A Coru\u00f1a. Tlfno: +34 689 96 99 96<\/li>\n<\/ul>\n<p>[\/et_pb_accordion_item][et_pb_accordion_item title=\u00bbRestaurantes\u00bb _builder_version=\u00bb4.24.3&#8243; _module_preset=\u00bbdefault\u00bb global_colors_info=\u00bb{}\u00bb]<\/p>\n<ul>\n<li>Pulper\u00eda Parrillada Europa: R\u00faa Lu\u00eds Seoane, 3, 15810 Arz\u00faa, A Coru\u00f1a. Tlfno: +34 981 93 88 72<\/li>\n<li>O Furancho d\u00b4Santiso: R\u00faa Lugo, 9, 15810 Arz\u00faa, A Coru\u00f1a. Tlfno: +34 699 81 81 39<\/li>\n<li>Il Fornacio: R\u00faa Cima do Lugar, s\/n, 15810 Arz\u00faa, A Coru\u00f1a. Tlfno: +34 881 80 00 97<\/li>\n<\/ul>\n<p>[\/et_pb_accordion_item][et_pb_accordion_item title=\u00bbSupermercados\u00bb _builder_version=\u00bb4.24.3&#8243; _module_preset=\u00bbdefault\u00bb global_colors_info=\u00bb{}\u00bb]<\/p>\n<ul>\n<li>Froiz: R\u00faa Lugo, 51, 15810 Arz\u00faa, A Coru\u00f1a. Tlfno: +34 981 50 03 77<\/li>\n<li>Eroski Center: R\u00faa Padre Pardo, 39, 15810 Arz\u00faa, A Coru\u00f1a. Tlfno: +34 981 50 82 15<\/li>\n<li>Coviran: Calle Alcalde Juan Vidal, 16, R\u00faa Alcalde Juan Vidal, 14, 15810 Arz\u00faa, A Coru\u00f1a. Tlfno: +34 981 50 02 63<\/li>\n<\/ul>\n<p>[\/et_pb_accordion_item][et_pb_accordion_item title=\u00bbOficina de Correos\u00bb _builder_version=\u00bb4.24.3&#8243; _module_preset=\u00bbdefault\u00bb global_colors_info=\u00bb{}\u00bb]<\/p>\n<ul>\n<li>Correos: R\u00faa de Ram\u00f3n Franco, 38, 15810 Arz\u00faa, A Coru\u00f1a. Tlfno: +34 981 50 04 86<\/li>\n<\/ul>\n<p>[\/et_pb_accordion_item][et_pb_accordion_item title=\u00bbTaller de Bicicletas\u00bb _builder_version=\u00bb4.24.3&#8243; _module_preset=\u00bbdefault\u00bb global_colors_info=\u00bb{}\u00bb]<\/p>\n<ul>\n<li>Lamas Bike: R\u00faa Lugo, 131, 15810 Arz\u00faa, A Coru\u00f1a. Tlfno: +34 981 50 80 13<\/li>\n<\/ul>\n<p>[\/et_pb_accordion_item][et_pb_accordion_item title=\u00bbTransporte\u00bb _builder_version=\u00bb4.24.3&#8243; _module_preset=\u00bbdefault\u00bb global_colors_info=\u00bb{}\u00bb]<\/p>\n<ul>\n<li>Mochila Express: Tlfno: +34 627 435 758<\/li>\n<li>Arz\u00faa Lolo Villar: R\u00faa Alcalde Juan Vidal, s\/n, 15810 Arz\u00faa, A Coru\u00f1a. Tlfno: +34 639 31 16 33<\/li>\n<li>Parada de autobus &#8211; Monbus: R\u00faa de Santiago, 8, 15810 Arz\u00faa, A Coru\u00f1a. Tlfno: +34 900 92 91 92<\/li>\n<\/ul>\n<p>[\/et_pb_accordion_item][et_pb_accordion_item title=\u00bbFarmacias\u00bb _builder_version=\u00bb4.24.3&#8243; _module_preset=\u00bbdefault\u00bb global_colors_info=\u00bb{}\u00bb]<\/p>\n<ul>\n<li>Alicia Mosquera: R\u00faa de Ram\u00f3n Franco, 31, 15810 Arz\u00faa, A Coru\u00f1a. Tlfno: +34 981 50 13 71<\/li>\n<li>Farmacia no Cami\u00f1o: R\u00faa Xos\u00e9 Neira Vilas, 2, 15810 Arz\u00faa, A Coru\u00f1a. Tlfno: +34 981 50 00 06<\/li>\n<li>Manuel Saavedra: R\u00faa Padre Pardo, 34, 15810 Arz\u00faa, A Coru\u00f1a. Tlfno: +34 981 50 00 41<\/li>\n<\/ul>\n<p>[\/et_pb_accordion_item][\/et_pb_accordion][\/et_pb_column][\/et_pb_row][et_pb_row _builder_version=\u00bb4.24.3&#8243; _module_preset=\u00bbdefault\u00bb global_colors_info=\u00bb{}\u00bb][et_pb_column type=\u00bb4_4&#8243; _builder_version=\u00bb4.24.3&#8243; _module_preset=\u00bbdefault\u00bb global_colors_info=\u00bb{}\u00bb][et_pb_code _builder_version=\u00bb4.24.3&#8243; _module_preset=\u00bbdefault\u00bb global_colors_info=\u00bb{}\u00bb]<iframe src=\"https:\/\/www.google.com\/maps\/embed?pb=!1m28!1m12!1m3!1d93374.89875164589!2d-8.152757702017684!3d43.00005919783211!2m3!1f0!2f0!3f0!3m2!1i1024!2i768!4f13.1!4m13!3e2!4m5!1s0xd2e309c0d9e3a09%3A0x31dc710755d158c9!2zU29icmFkbywgQSBDb3J1w7FhLCBFc3Bhw7Fh!3m2!1d43.0704844!2d-7.9810845!4m5!1s0xd2e4af7b5e6c9dd%3A0xbf964e73edfe7fce!2zQXJ6w7phIChTYW50aWFnbyksIEFyesO6YSwgRXNwYcOxYQ!3m2!1d42.9210178!2d-8.1642207!5e0!3m2!1sgl!2sus!4v1730026290228!5m2!1sgl!2sus\" width=\"1200\" height=\"400\" style=\"border:0;\" allowfullscreen=\"\" loading=\"lazy\" referrerpolicy=\"no-referrer-when-downgrade\"><\/iframe>[\/et_pb_code][\/et_pb_column][\/et_pb_row][\/et_pb_section]<\/p>\n","protected":false},"excerpt":{"rendered":"<p>\u00a0Desde sobrado dos monxes a arz\u00faa Aqu\u00ed se encuentran el Camino Norte y el Franc\u00e9s\u00a0sobrado dos monxes -arz\u00faaDebemos de saber, que Sobrado dos Monxes\u00a0es la \u00faltima de etapa del Camino del Norte, y desde aqu\u00ed el camino contin\u00faa por el itinerario del camino franc\u00e9s, por lo que al\u00a0llegar a Arz\u00faa\u00a0percibir\u00e1s una mayor afluencia de peregrinos. [&hellip;]<\/p>\n","protected":false},"author":1,"featured_media":0,"parent":55,"menu_order":0,"comment_status":"closed","ping_status":"closed","template":"","meta":{"_et_pb_use_builder":"on","_et_pb_old_content":"<!-- wp:divi\/placeholder \/-->","_et_gb_content_width":"","_joinchat":[],"footnotes":""},"class_list":["post-342","page","type-page","status-publish","hentry"],"yoast_head":"<!-- This site is optimized with the Yoast SEO plugin v27.2 - https:\/\/yoast.com\/product\/yoast-seo-wordpress\/ -->\n<title>Etapa Sobrado dos Monxes - Arz\u00faa - De Catedral a Catedral<\/title>\n<meta name=\"robots\" content=\"index, follow, max-snippet:-1, max-image-preview:large, max-video-preview:-1\" \/>\n<link rel=\"canonical\" href=\"https:\/\/Decatedralacatedral.com\/?page_id=342\" \/>\n<meta property=\"og:locale\" content=\"es_ES\" \/>\n<meta property=\"og:type\" content=\"article\" \/>\n<meta property=\"og:title\" content=\"Etapa Sobrado dos Monxes - Arz\u00faa - De Catedral a Catedral\" \/>\n<meta property=\"og:description\" content=\"\u00a0Desde sobrado dos monxes a arz\u00faa Aqu\u00ed se encuentran el Camino Norte y el Franc\u00e9s\u00a0sobrado dos monxes -arz\u00faaDebemos de saber, que Sobrado dos Monxes\u00a0es la \u00faltima de etapa del Camino del Norte, y desde aqu\u00ed el camino contin\u00faa por el itinerario del camino franc\u00e9s, por lo que al\u00a0llegar a Arz\u00faa\u00a0percibir\u00e1s una mayor afluencia de peregrinos. [&hellip;]\" \/>\n<meta property=\"og:url\" content=\"https:\/\/Decatedralacatedral.com\/?page_id=342\" \/>\n<meta property=\"og:site_name\" content=\"De Catedral a Catedral\" \/>\n<meta property=\"article:publisher\" content=\"https:\/\/www.facebook.com\/profile.php?id=61553246482205\" \/>\n<meta property=\"article:modified_time\" content=\"2025-02-06T13:21:45+00:00\" \/>\n<meta name=\"twitter:card\" content=\"summary_large_image\" \/>\n<script type=\"application\/ld+json\" class=\"yoast-schema-graph\">{\"@context\":\"https:\/\/schema.org\",\"@graph\":[{\"@type\":\"WebPage\",\"@id\":\"https:\/\/Decatedralacatedral.com\/?page_id=342\",\"url\":\"https:\/\/Decatedralacatedral.com\/?page_id=342\",\"name\":\"Etapa Sobrado dos Monxes - Arz\u00faa - De Catedral a Catedral\",\"isPartOf\":{\"@id\":\"https:\/\/Decatedralacatedral.com\/#website\"},\"datePublished\":\"2024-10-25T14:54:28+00:00\",\"dateModified\":\"2025-02-06T13:21:45+00:00\",\"breadcrumb\":{\"@id\":\"https:\/\/Decatedralacatedral.com\/?page_id=342#breadcrumb\"},\"inLanguage\":\"es\",\"potentialAction\":[{\"@type\":\"ReadAction\",\"target\":[\"https:\/\/Decatedralacatedral.com\/?page_id=342\"]}]},{\"@type\":\"BreadcrumbList\",\"@id\":\"https:\/\/Decatedralacatedral.com\/?page_id=342#breadcrumb\",\"itemListElement\":[{\"@type\":\"ListItem\",\"position\":1,\"name\":\"Portada\",\"item\":\"https:\/\/Decatedralacatedral.com\/\"},{\"@type\":\"ListItem\",\"position\":2,\"name\":\"Camino de Santiago desde Mondo\u00f1edo \/ Etapas\",\"item\":\"https:\/\/Decatedralacatedral.com\/?page_id=55\"},{\"@type\":\"ListItem\",\"position\":3,\"name\":\"Etapa Sobrado dos Monxes &#8211; Arz\u00faa\"}]},{\"@type\":\"WebSite\",\"@id\":\"https:\/\/Decatedralacatedral.com\/#website\",\"url\":\"https:\/\/Decatedralacatedral.com\/\",\"name\":\"De Catedral a Catedral\",\"description\":\"Desde Mondo\u00f1edo a Santiago\",\"potentialAction\":[{\"@type\":\"SearchAction\",\"target\":{\"@type\":\"EntryPoint\",\"urlTemplate\":\"https:\/\/Decatedralacatedral.com\/?s={search_term_string}\"},\"query-input\":{\"@type\":\"PropertyValueSpecification\",\"valueRequired\":true,\"valueName\":\"search_term_string\"}}],\"inLanguage\":\"es\"}]}<\/script>\n<!-- \/ Yoast SEO plugin. -->","yoast_head_json":{"title":"Etapa Sobrado dos Monxes - Arz\u00faa - De Catedral a Catedral","robots":{"index":"index","follow":"follow","max-snippet":"max-snippet:-1","max-image-preview":"max-image-preview:large","max-video-preview":"max-video-preview:-1"},"canonical":"https:\/\/Decatedralacatedral.com\/?page_id=342","og_locale":"es_ES","og_type":"article","og_title":"Etapa Sobrado dos Monxes - Arz\u00faa - De Catedral a Catedral","og_description":"\u00a0Desde sobrado dos monxes a arz\u00faa Aqu\u00ed se encuentran el Camino Norte y el Franc\u00e9s\u00a0sobrado dos monxes -arz\u00faaDebemos de saber, que Sobrado dos Monxes\u00a0es la \u00faltima de etapa del Camino del Norte, y desde aqu\u00ed el camino contin\u00faa por el itinerario del camino franc\u00e9s, por lo que al\u00a0llegar a Arz\u00faa\u00a0percibir\u00e1s una mayor afluencia de peregrinos. [&hellip;]","og_url":"https:\/\/Decatedralacatedral.com\/?page_id=342","og_site_name":"De Catedral a Catedral","article_publisher":"https:\/\/www.facebook.com\/profile.php?id=61553246482205","article_modified_time":"2025-02-06T13:21:45+00:00","twitter_card":"summary_large_image","schema":{"@context":"https:\/\/schema.org","@graph":[{"@type":"WebPage","@id":"https:\/\/Decatedralacatedral.com\/?page_id=342","url":"https:\/\/Decatedralacatedral.com\/?page_id=342","name":"Etapa Sobrado dos Monxes - Arz\u00faa - De Catedral a Catedral","isPartOf":{"@id":"https:\/\/Decatedralacatedral.com\/#website"},"datePublished":"2024-10-25T14:54:28+00:00","dateModified":"2025-02-06T13:21:45+00:00","breadcrumb":{"@id":"https:\/\/Decatedralacatedral.com\/?page_id=342#breadcrumb"},"inLanguage":"es","potentialAction":[{"@type":"ReadAction","target":["https:\/\/Decatedralacatedral.com\/?page_id=342"]}]},{"@type":"BreadcrumbList","@id":"https:\/\/Decatedralacatedral.com\/?page_id=342#breadcrumb","itemListElement":[{"@type":"ListItem","position":1,"name":"Portada","item":"https:\/\/Decatedralacatedral.com\/"},{"@type":"ListItem","position":2,"name":"Camino de Santiago desde Mondo\u00f1edo \/ Etapas","item":"https:\/\/Decatedralacatedral.com\/?page_id=55"},{"@type":"ListItem","position":3,"name":"Etapa Sobrado dos Monxes &#8211; Arz\u00faa"}]},{"@type":"WebSite","@id":"https:\/\/Decatedralacatedral.com\/#website","url":"https:\/\/Decatedralacatedral.com\/","name":"De Catedral a Catedral","description":"Desde Mondo\u00f1edo a Santiago","potentialAction":[{"@type":"SearchAction","target":{"@type":"EntryPoint","urlTemplate":"https:\/\/Decatedralacatedral.com\/?s={search_term_string}"},"query-input":{"@type":"PropertyValueSpecification","valueRequired":true,"valueName":"search_term_string"}}],"inLanguage":"es"}]}},"_links":{"self":[{"href":"https:\/\/Decatedralacatedral.com\/index.php?rest_route=\/wp\/v2\/pages\/342","targetHints":{"allow":["GET"]}}],"collection":[{"href":"https:\/\/Decatedralacatedral.com\/index.php?rest_route=\/wp\/v2\/pages"}],"about":[{"href":"https:\/\/Decatedralacatedral.com\/index.php?rest_route=\/wp\/v2\/types\/page"}],"author":[{"embeddable":true,"href":"https:\/\/Decatedralacatedral.com\/index.php?rest_route=\/wp\/v2\/users\/1"}],"replies":[{"embeddable":true,"href":"https:\/\/Decatedralacatedral.com\/index.php?rest_route=%2Fwp%2Fv2%2Fcomments&post=342"}],"version-history":[{"count":6,"href":"https:\/\/Decatedralacatedral.com\/index.php?rest_route=\/wp\/v2\/pages\/342\/revisions"}],"predecessor-version":[{"id":440,"href":"https:\/\/Decatedralacatedral.com\/index.php?rest_route=\/wp\/v2\/pages\/342\/revisions\/440"}],"up":[{"embeddable":true,"href":"https:\/\/Decatedralacatedral.com\/index.php?rest_route=\/wp\/v2\/pages\/55"}],"wp:attachment":[{"href":"https:\/\/Decatedralacatedral.com\/index.php?rest_route=%2Fwp%2Fv2%2Fmedia&parent=342"}],"curies":[{"name":"wp","href":"https:\/\/api.w.org\/{rel}","templated":true}]}}