{"id":333,"date":"2024-10-25T14:51:12","date_gmt":"2024-10-25T14:51:12","guid":{"rendered":"https:\/\/Decatedralacatedral.com\/?page_id=333"},"modified":"2025-02-06T13:17:12","modified_gmt":"2025-02-06T13:17:12","slug":"etapa-abadin-villalba","status":"publish","type":"page","link":"https:\/\/Decatedralacatedral.com\/?page_id=333","title":{"rendered":"Etapa Abad\u00edn &#8211; Villalba"},"content":{"rendered":"<p>[et_pb_section fb_built=\u00bb1&#8243; admin_label=\u00bbHero\u00bb _builder_version=\u00bb4.24.3&#8243; use_background_color_gradient=\u00bbon\u00bb background_color_gradient_type=\u00bbcircular\u00bb background_color_gradient_direction_radial=\u00bbtop right\u00bb background_color_gradient_stops=\u00bb#210b00 10%|rgba(33,25,21,0) 100%\u00bb background_color_gradient_overlays_image=\u00bbon\u00bb background_color_gradient_start=\u00bb#210b00&#8243; background_color_gradient_start_position=\u00bb10%\u00bb background_color_gradient_end=\u00bbrgba(33,25,21,0)\u00bb background_image=\u00bbhttps:\/\/Decatedralacatedral.com\/wp-content\/uploads\/2024\/03\/catedral.jpg\u00bb background_position=\u00bbbottom_center\u00bb min_height=\u00bb400px\u00bb custom_padding=\u00bb80px|0|0||false|false\u00bb global_colors_info=\u00bb{}\u00bb][\/et_pb_section][et_pb_section fb_built=\u00bb1&#8243; admin_label=\u00bbServices Header\u00bb _builder_version=\u00bb4.16&#8243; custom_padding=\u00bb0|0px|0|0px|false|false\u00bb global_colors_info=\u00bb{}\u00bb][et_pb_row column_structure=\u00bb2_3,1_3&#8243; use_custom_gutter=\u00bbon\u00bb gutter_width=\u00bb1&#8243; padding_top_bottom_link_2=\u00bbtrue\u00bb padding_left_right_link_2=\u00bbtrue\u00bb _builder_version=\u00bb4.16&#8243; custom_padding=\u00bb0|0px|27px|0px|false|false\u00bb animation_style=\u00bbslide\u00bb animation_direction=\u00bbtop\u00bb animation_intensity_slide=\u00bb20%\u00bb locked=\u00bboff\u00bb global_colors_info=\u00bb{}\u00bb][et_pb_column type=\u00bb2_3&#8243; _builder_version=\u00bb4.16&#8243; custom_padding=\u00bb|||\u00bb global_colors_info=\u00bb{}\u00bb custom_padding__hover=\u00bb|||\u00bb][et_pb_text _builder_version=\u00bb4.16&#8243; text_font=\u00bb||||||||\u00bb ul_font=\u00bb||||||||\u00bb ol_font=\u00bb||||||||\u00bb quote_font=\u00bb||||||||\u00bb header_font=\u00bb||||||||\u00bb header_2_font=\u00bb|800|||||||\u00bb header_2_font_size=\u00bb24px\u00bb header_2_line_height=\u00bb1.8em\u00bb header_3_font=\u00bb||||||||\u00bb header_4_font=\u00bb|800||on|||||\u00bb header_4_font_size=\u00bb16px\u00bb header_4_letter_spacing=\u00bb0.5px\u00bb header_4_line_height=\u00bb1.7em\u00bb header_5_font=\u00bb||||||||\u00bb header_6_font=\u00bb||||||||\u00bb background_color=\u00bb#efefef\u00bb padding_1_last_edited=\u00bbon|desktop\u00bb custom_padding=\u00bb30px|50px|30px|50px|true|true|20px|10%|20px|10%|true|true||on|desktop\u00bb custom_padding_tablet=\u00bb\u00bb custom_padding_phone=\u00bb20px|10%|20px|10%|true|true\u00bb custom_padding_last_edited=\u00bbon|phone\u00bb header_2_font_size_tablet=\u00bb\u00bb header_2_font_size_phone=\u00bb18px\u00bb header_2_font_size_last_edited=\u00bbon|phone\u00bb locked=\u00bboff\u00bb global_colors_info=\u00bb{}\u00bb]<\/p>\n<h4>Desde ABAD\u00cdN a villalba, el camino por conocer&#8230;<\/h4>\n<h2>Tierras de pastos y horizontes infinitos<\/h2>\n<p>[\/et_pb_text][\/et_pb_column][et_pb_column type=\u00bb1_3&#8243; _builder_version=\u00bb4.16&#8243; custom_padding=\u00bb50px|50px|50px|50px\u00bb custom_padding_tablet=\u00bb50px|50px|50px|50px\u00bb custom_padding_phone=\u00bb20px|10%|20px|10%|true|true\u00bb custom_padding_last_edited=\u00bbon|phone\u00bb global_colors_info=\u00bb{}\u00bb padding_phone=\u00bb20px|10%|20px|10%|true|true\u00bb padding_last_edited=\u00bbon|phone\u00bb custom_padding__hover=\u00bb|||\u00bb][\/et_pb_column][\/et_pb_row][\/et_pb_section][et_pb_section fb_built=\u00bb1&#8243; specialty=\u00bbon\u00bb padding_top_2=\u00bb85px\u00bb admin_label=\u00bbService\u00bb _builder_version=\u00bb4.16&#8243; global_colors_info=\u00bb{}\u00bb][et_pb_column type=\u00bb1_3&#8243; _builder_version=\u00bb4.16&#8243; custom_padding=\u00bb|||\u00bb global_colors_info=\u00bb{}\u00bb custom_padding__hover=\u00bb|||\u00bb][et_pb_text _builder_version=\u00bb4.16&#8243; text_font=\u00bbOpen Sans||||||||\u00bb text_line_height=\u00bb2em\u00bb header_font=\u00bb||||||||\u00bb header_4_font=\u00bbOpen Sans|800||on|||||\u00bb header_4_font_size=\u00bb16px\u00bb header_4_letter_spacing=\u00bb0.5px\u00bb header_4_line_height=\u00bb1.7em\u00bb background_image=\u00bbhttps:\/\/Decatedralacatedral.com\/wp-content\/uploads\/2024\/02\/Rectangle.png\u00bb background_size=\u00bbinitial\u00bb background_position=\u00bbtop_left\u00bb custom_padding=\u00bb24px|||24px\u00bb locked=\u00bboff\u00bb global_colors_info=\u00bb{}\u00bb]<\/p>\n<h4>ABAD\u00cdN &#8211; VILLALBA<\/h4>\n<p>[\/et_pb_text][\/et_pb_column][et_pb_column type=\u00bb2_3&#8243; specialty_columns=\u00bb2&#8243; _builder_version=\u00bb4.16&#8243; custom_padding=\u00bb|||\u00bb global_colors_info=\u00bb{}\u00bb custom_padding__hover=\u00bb|||\u00bb][et_pb_row_inner _builder_version=\u00bb4.16&#8243; custom_padding=\u00bb29.6875px|0px|0|0px|false|false\u00bb global_colors_info=\u00bb{}\u00bb][et_pb_column_inner saved_specialty_column_type=\u00bb2_3&#8243; _builder_version=\u00bb4.16&#8243; custom_padding=\u00bb|||\u00bb global_colors_info=\u00bb{}\u00bb custom_padding__hover=\u00bb|||\u00bb][et_pb_text _builder_version=\u00bb4.24.2&#8243; text_font=\u00bbOpen Sans||||||||\u00bb text_font_size=\u00bb16px\u00bb text_line_height=\u00bb1.8em\u00bb header_font=\u00bb||||||||\u00bb header_3_font=\u00bb|800|||||||\u00bb header_3_text_color=\u00bb#f25b3a\u00bb header_3_font_size=\u00bb24px\u00bb header_3_line_height=\u00bb1.8em\u00bb max_width=\u00bb600px\u00bb header_3_font_size_tablet=\u00bb\u00bb header_3_font_size_phone=\u00bb18px\u00bb header_3_font_size_last_edited=\u00bbon|phone\u00bb locked=\u00bboff\u00bb global_colors_info=\u00bb{}\u00bb][\/et_pb_text][\/et_pb_column_inner][\/et_pb_row_inner][\/et_pb_column][\/et_pb_section][et_pb_section fb_built=\u00bb1&#8243; admin_label=\u00bbTestimonials\u00bb _builder_version=\u00bb4.16&#8243; global_colors_info=\u00bb{}\u00bb][et_pb_row _builder_version=\u00bb4.24.3&#8243; _module_preset=\u00bbdefault\u00bb width=\u00bb78.2%\u00bb global_colors_info=\u00bb{}\u00bb][et_pb_column type=\u00bb4_4&#8243; _builder_version=\u00bb4.24.3&#8243; _module_preset=\u00bbdefault\u00bb global_colors_info=\u00bb{}\u00bb][et_pb_text _builder_version=\u00bb4.24.3&#8243; _module_preset=\u00bbdefault\u00bb global_colors_info=\u00bb{}\u00bb]<\/p>\n<p>Abad\u00edn, supone el abandono de pendientes y desniveles del camino para adentrarte en una extensi\u00f3n verde, plana y muy interesante paisaj\u00edsticamente, conocida como TERRA CHA. Esta etapa os resultar\u00e1 agradable, sin desniveles donde los verdes prados se convierten en el tel\u00f3n del fondo de tu recorrido, un placer para tu caminata. Cruzar\u00e1s el R\u00edo Anllo, Marti\u00f1an aldea conocida por su gran pan; A Ponte Vella, hermoso puente del sigo XVII situado en una peque\u00f1a \u00e1rea de descanso en la que podr\u00e1s parar a sentir el aire y ruidos caracter\u00edsticos de nuestro rural gallego, zona ideal para un peque\u00f1o tentempi\u00e9, pues pocos quil\u00f3metros te quedan para llegar a tu destino: Villaba.<\/p>\n<p>[\/et_pb_text][\/et_pb_column][\/et_pb_row][et_pb_row column_structure=\u00bb1_2,1_2&#8243; _builder_version=\u00bb4.24.3&#8243; _module_preset=\u00bbdefault\u00bb custom_padding=\u00bb||0px|||\u00bb global_colors_info=\u00bb{}\u00bb][et_pb_column type=\u00bb1_2&#8243; _builder_version=\u00bb4.24.3&#8243; _module_preset=\u00bbdefault\u00bb global_colors_info=\u00bb{}\u00bb][et_pb_text _builder_version=\u00bb4.24.3&#8243; _module_preset=\u00bbdefault\u00bb global_colors_info=\u00bb{}\u00bb]<\/p>\n<p>LUGARES DE INTER\u00c9S DURANTE LA ETAPA<\/p>\n<ul>\n<li>Puente llamado \u201cA Ponte Vella\u201d<\/li>\n<li>Cementerio de Goiriz &#8211; Goiriz<\/li>\n<\/ul>\n<p>[\/et_pb_text][\/et_pb_column][et_pb_column type=\u00bb1_2&#8243; _builder_version=\u00bb4.24.3&#8243; _module_preset=\u00bbdefault\u00bb global_colors_info=\u00bb{}\u00bb][et_pb_text _builder_version=\u00bb4.24.3&#8243; _module_preset=\u00bbdefault\u00bb global_colors_info=\u00bb{}\u00bb]<\/p>\n<p>LUGARES DE INTER\u00c9S A TU LLEGADA A ABAD\u00cdN<\/p>\n<ul>\n<li>Torre de los Andrade \u2013 Vilalba<\/li>\n<li>Iglesia de Santa Mar\u00eda \u2013 Vilalba<\/li>\n<li>Museo de Prehistoria y Arqueolog\u00eda \u2013 Vilalba<\/li>\n<\/ul>\n<p>[\/et_pb_text][\/et_pb_column][\/et_pb_row][\/et_pb_section][et_pb_section fb_built=\u00bb1&#8243; _builder_version=\u00bb4.24.3&#8243; _module_preset=\u00bbdefault\u00bb global_colors_info=\u00bb{}\u00bb][et_pb_row _builder_version=\u00bb4.24.3&#8243; _module_preset=\u00bbdefault\u00bb global_colors_info=\u00bb{}\u00bb][et_pb_column type=\u00bb4_4&#8243; _builder_version=\u00bb4.24.3&#8243; _module_preset=\u00bbdefault\u00bb global_colors_info=\u00bb{}\u00bb][et_pb_heading title=\u00bbDatos de inter\u00e9s en esta etapa\u00bb _builder_version=\u00bb4.24.3&#8243; _module_preset=\u00bbdefault\u00bb global_colors_info=\u00bb{}\u00bb][\/et_pb_heading][\/et_pb_column][\/et_pb_row][et_pb_row column_structure=\u00bb2_5,3_5&#8243; _builder_version=\u00bb4.24.3&#8243; _module_preset=\u00bbdefault\u00bb global_colors_info=\u00bb{}\u00bb][et_pb_column type=\u00bb2_5&#8243; _builder_version=\u00bb4.24.3&#8243; _module_preset=\u00bbdefault\u00bb global_colors_info=\u00bb{}\u00bb][et_pb_slider _builder_version=\u00bb4.24.3&#8243; _module_preset=\u00bbdefault\u00bb global_colors_info=\u00bb{}\u00bb][et_pb_slide heading=\u00bbDistancia\u00bb _builder_version=\u00bb4.24.3&#8243; _module_preset=\u00bbdefault\u00bb global_colors_info=\u00bb{}\u00bb sticky_transition=\u00bbon\u00bb]<\/p>\n<h2>18,6 km<\/h2>\n<p>[\/et_pb_slide][\/et_pb_slider][et_pb_image src=\u00bbhttps:\/\/Decatedralacatedral.com\/wp-content\/uploads\/2024\/10\/DESNIVEL-ABADIN-VILLALBA.jpg\u00bb title_text=\u00bbDESNIVEL ABADIN VILLALBA\u00bb _builder_version=\u00bb4.24.3&#8243; _module_preset=\u00bbdefault\u00bb global_colors_info=\u00bb{}\u00bb][\/et_pb_image][\/et_pb_column][et_pb_column type=\u00bb3_5&#8243; _builder_version=\u00bb4.24.3&#8243; _module_preset=\u00bbdefault\u00bb global_colors_info=\u00bb{}\u00bb][et_pb_heading title=\u00bbServicios\u00bb _builder_version=\u00bb4.24.3&#8243; _module_preset=\u00bbdefault\u00bb global_colors_info=\u00bb{}\u00bb][\/et_pb_heading][et_pb_accordion _builder_version=\u00bb4.24.3&#8243; _module_preset=\u00bbdefault\u00bb global_colors_info=\u00bb{}\u00bb][et_pb_accordion_item title=\u00bbAlojamientos\u00bb _builder_version=\u00bb4.24.3&#8243; _module_preset=\u00bbdefault\u00bb global_colors_info=\u00bb{}\u00bb open=\u00bbon\u00bb]<\/p>\n<ul>\n<li>Parador de Vilalba: R\u00faa Valeriano Valdesuso, s\/n, 27800 Vilalba, Lugo. Tfno: +34 982 51 00 11<\/li>\n<li>Hotel Villa Alta: R\u00faa da Pravia, 26, 27800 Vilalba, Lugo. Tfno: +34 679 63 58 37<\/li>\n<li>Hostal Seijo: R\u00faa de, R\u00faa Pl\u00e1cido Pe\u00f1a, 36, 27800 Vilalba, Lugo. Tlfno: +34 982 51 07 19.<\/li>\n<li>Albergue As Pedreiras: R\u00faa Pita da Veiga, n4, 27800 Vilalba, Lugo. Tlfno: +34 982 51 07 24.<\/li>\n<\/ul>\n<p>[\/et_pb_accordion_item][et_pb_accordion_item title=\u00bbRestaurantes\u00bb _builder_version=\u00bb4.24.3&#8243; _module_preset=\u00bbdefault\u00bb global_colors_info=\u00bb{}\u00bb open=\u00bboff\u00bb]<\/p>\n<ul>\n<li>Parador de Vilalba: R\u00faa Valeriano Valdesuso, s\/n, 27800 Vilalba, Lugo. Tfno: +34 982 51 00 11<\/li>\n<li>Restaurante Lanz\u00f3s: R\u00faa Pl\u00e1cido Pe\u00f1a, 27, 27800 Vilalba, Lugo. Tlfno: +34 982 51 02 77<\/li>\n<li>Restaurante Lar Os P\u00edos: R\u00faa Porta de Cima, 6, BAJO, 27800 Vilalba, Lugo. Tlfno: +34 982 510 780<\/li>\n<li>Bar Avenida: R\u00faa de Pl\u00e1cido Pe\u00f1a, 25, R\u00faa Pl\u00e1cido Pe\u00f1a, 25, 27800 Vilalba, Lugo. Tlflno: +34 982 51 00 29<\/li>\n<\/ul>\n<p>[\/et_pb_accordion_item][et_pb_accordion_item title=\u00bbSupermercados\u00bb _builder_version=\u00bb4.24.3&#8243; _module_preset=\u00bbdefault\u00bb global_colors_info=\u00bb{}\u00bb open=\u00bboff\u00bb]<\/p>\n<ul>\n<li>Gadis: R\u00faa Campo de Puente, 75-77, 27800 Vilalba, Lugo. Tlfno: +34 982 512 904<\/li>\n<li>Mercadona: R\u00faa Pl\u00e1cido Pe\u00f1a, 38, 27800 Vilalba, Lugo. Tlfno: +34 982 51 22 13<\/li>\n<\/ul>\n<p>[\/et_pb_accordion_item][et_pb_accordion_item title=\u00bbOficina de Correos\u00bb _builder_version=\u00bb4.24.3&#8243; _module_preset=\u00bbdefault\u00bb global_colors_info=\u00bb{}\u00bb open=\u00bboff\u00bb]<\/p>\n<ul>\n<li>Correos: R\u00faa Alcalde Fraga Bello, 34, 27800 Vilalba, Lugo. Tlfno: +34 982 51 08 06<\/li>\n<\/ul>\n<p>[\/et_pb_accordion_item][et_pb_accordion_item title=\u00bbTransportes\u00bb _builder_version=\u00bb4.24.3&#8243; _module_preset=\u00bbdefault\u00bb global_colors_info=\u00bb{}\u00bb open=\u00bboff\u00bb]<\/p>\n<ul>\n<li>Estaci\u00f3n de autobuses: R\u00faa Lois Pe\u00f1a Novo, 4, 27800 Vilalba, Lugo. Tlfno: +34 981 311 213<\/li>\n<li>Taxi Vilalba: Praza da Constituci\u00f3n, 27810 Vilalba, Lugo. Tlfno: +34 609 82 51 01<\/li>\n<li>Taxi Villalba: Plaza Suso Gayoso, 27800 Vilalba, Lugo. Tlfno: +34 666 68 24 54<\/li>\n<\/ul>\n<p>[\/et_pb_accordion_item][et_pb_accordion_item title=\u00bbFarmacias\u00bb open=\u00bboff\u00bb _builder_version=\u00bb4.24.3&#8243; _module_preset=\u00bbdefault\u00bb global_colors_info=\u00bb{}\u00bb]<\/p>\n<ul>\n<li>M\u00aa Teresa Castro: R\u00faa da Pravia, 55, Bajo, 27800 Vilalba, Lugo. Tlfno: +34 982 51 00 13<\/li>\n<li>Farmacia Moderna: R\u00faa da Pravia, n\u00ba 17, 27800 Vilalba, Lugo. Tlfno: +34 982 51 00 05<\/li>\n<\/ul>\n<p>[\/et_pb_accordion_item][\/et_pb_accordion][\/et_pb_column][\/et_pb_row][et_pb_row _builder_version=\u00bb4.24.3&#8243; _module_preset=\u00bbdefault\u00bb global_colors_info=\u00bb{}\u00bb][et_pb_column type=\u00bb4_4&#8243; _builder_version=\u00bb4.24.3&#8243; _module_preset=\u00bbdefault\u00bb global_colors_info=\u00bb{}\u00bb][et_pb_code _builder_version=\u00bb4.24.3&#8243; _module_preset=\u00bbdefault\u00bb global_colors_info=\u00bb{}\u00bb]<iframe src=\"https:\/\/www.google.com\/maps\/embed?pb=!1m28!1m12!1m3!1d65676.69690570056!2d-7.628084165970098!3d43.32415263863282!2m3!1f0!2f0!3f0!3m2!1i1024!2i768!4f13.1!4m13!3e2!4m5!1s0xd31ed05ea8cb78d%3A0xac1c25acccd52a5b!2zQWJhZMOtbiwgRXNwYcOxYQ!3m2!1d43.363076199999995!2d-7.474990099999999!4m5!1s0xd31e6bfd2f791a3%3A0x69e5f81302f399f3!2sVillalba%2C%20Vilalba%2C%20Espa%C3%B1a!3m2!1d43.297489899999995!2d-7.680771699999999!5e0!3m2!1sgl!2sus!4v1730024873272!5m2!1sgl!2sus\" width=\"1200\" height=\"400\" style=\"border:0;\" allowfullscreen=\"\" loading=\"lazy\" referrerpolicy=\"no-referrer-when-downgrade\"><\/iframe>[\/et_pb_code][\/et_pb_column][\/et_pb_row][\/et_pb_section]<\/p>\n","protected":false},"excerpt":{"rendered":"<p>Desde ABAD\u00cdN a villalba, el camino por conocer&#8230; Tierras de pastos y horizontes infinitosABAD\u00cdN &#8211; VILLALBAAbad\u00edn, supone el abandono de pendientes y desniveles del camino para adentrarte en una extensi\u00f3n verde, plana y muy interesante paisaj\u00edsticamente, conocida como TERRA CHA. Esta etapa os resultar\u00e1 agradable, sin desniveles donde los verdes prados se convierten en el [&hellip;]<\/p>\n","protected":false},"author":1,"featured_media":0,"parent":55,"menu_order":0,"comment_status":"closed","ping_status":"closed","template":"","meta":{"_et_pb_use_builder":"on","_et_pb_old_content":"","_et_gb_content_width":"","_joinchat":[],"footnotes":""},"class_list":["post-333","page","type-page","status-publish","hentry"],"yoast_head":"<!-- This site is optimized with the Yoast SEO plugin v27.2 - https:\/\/yoast.com\/product\/yoast-seo-wordpress\/ -->\n<title>Etapa Abad\u00edn - Villalba - De Catedral a Catedral<\/title>\n<meta name=\"robots\" content=\"index, follow, max-snippet:-1, max-image-preview:large, max-video-preview:-1\" \/>\n<link rel=\"canonical\" href=\"https:\/\/Decatedralacatedral.com\/?page_id=333\" \/>\n<meta property=\"og:locale\" content=\"es_ES\" \/>\n<meta property=\"og:type\" content=\"article\" \/>\n<meta property=\"og:title\" content=\"Etapa Abad\u00edn - Villalba - De Catedral a Catedral\" \/>\n<meta property=\"og:description\" content=\"Desde ABAD\u00cdN a villalba, el camino por conocer... Tierras de pastos y horizontes infinitosABAD\u00cdN - VILLALBAAbad\u00edn, supone el abandono de pendientes y desniveles del camino para adentrarte en una extensi\u00f3n verde, plana y muy interesante paisaj\u00edsticamente, conocida como TERRA CHA. Esta etapa os resultar\u00e1 agradable, sin desniveles donde los verdes prados se convierten en el [&hellip;]\" \/>\n<meta property=\"og:url\" content=\"https:\/\/Decatedralacatedral.com\/?page_id=333\" \/>\n<meta property=\"og:site_name\" content=\"De Catedral a Catedral\" \/>\n<meta property=\"article:publisher\" content=\"https:\/\/www.facebook.com\/profile.php?id=61553246482205\" \/>\n<meta property=\"article:modified_time\" content=\"2025-02-06T13:17:12+00:00\" \/>\n<meta name=\"twitter:card\" content=\"summary_large_image\" \/>\n<script type=\"application\/ld+json\" class=\"yoast-schema-graph\">{\"@context\":\"https:\/\/schema.org\",\"@graph\":[{\"@type\":\"WebPage\",\"@id\":\"https:\/\/Decatedralacatedral.com\/?page_id=333\",\"url\":\"https:\/\/Decatedralacatedral.com\/?page_id=333\",\"name\":\"Etapa Abad\u00edn - Villalba - De Catedral a Catedral\",\"isPartOf\":{\"@id\":\"https:\/\/Decatedralacatedral.com\/#website\"},\"datePublished\":\"2024-10-25T14:51:12+00:00\",\"dateModified\":\"2025-02-06T13:17:12+00:00\",\"breadcrumb\":{\"@id\":\"https:\/\/Decatedralacatedral.com\/?page_id=333#breadcrumb\"},\"inLanguage\":\"es\",\"potentialAction\":[{\"@type\":\"ReadAction\",\"target\":[\"https:\/\/Decatedralacatedral.com\/?page_id=333\"]}]},{\"@type\":\"BreadcrumbList\",\"@id\":\"https:\/\/Decatedralacatedral.com\/?page_id=333#breadcrumb\",\"itemListElement\":[{\"@type\":\"ListItem\",\"position\":1,\"name\":\"Portada\",\"item\":\"https:\/\/Decatedralacatedral.com\/\"},{\"@type\":\"ListItem\",\"position\":2,\"name\":\"Camino de Santiago desde Mondo\u00f1edo \/ Etapas\",\"item\":\"https:\/\/Decatedralacatedral.com\/?page_id=55\"},{\"@type\":\"ListItem\",\"position\":3,\"name\":\"Etapa Abad\u00edn &#8211; Villalba\"}]},{\"@type\":\"WebSite\",\"@id\":\"https:\/\/Decatedralacatedral.com\/#website\",\"url\":\"https:\/\/Decatedralacatedral.com\/\",\"name\":\"De Catedral a Catedral\",\"description\":\"Desde Mondo\u00f1edo a Santiago\",\"potentialAction\":[{\"@type\":\"SearchAction\",\"target\":{\"@type\":\"EntryPoint\",\"urlTemplate\":\"https:\/\/Decatedralacatedral.com\/?s={search_term_string}\"},\"query-input\":{\"@type\":\"PropertyValueSpecification\",\"valueRequired\":true,\"valueName\":\"search_term_string\"}}],\"inLanguage\":\"es\"}]}<\/script>\n<!-- \/ Yoast SEO plugin. -->","yoast_head_json":{"title":"Etapa Abad\u00edn - Villalba - De Catedral a Catedral","robots":{"index":"index","follow":"follow","max-snippet":"max-snippet:-1","max-image-preview":"max-image-preview:large","max-video-preview":"max-video-preview:-1"},"canonical":"https:\/\/Decatedralacatedral.com\/?page_id=333","og_locale":"es_ES","og_type":"article","og_title":"Etapa Abad\u00edn - Villalba - De Catedral a Catedral","og_description":"Desde ABAD\u00cdN a villalba, el camino por conocer... Tierras de pastos y horizontes infinitosABAD\u00cdN - VILLALBAAbad\u00edn, supone el abandono de pendientes y desniveles del camino para adentrarte en una extensi\u00f3n verde, plana y muy interesante paisaj\u00edsticamente, conocida como TERRA CHA. Esta etapa os resultar\u00e1 agradable, sin desniveles donde los verdes prados se convierten en el [&hellip;]","og_url":"https:\/\/Decatedralacatedral.com\/?page_id=333","og_site_name":"De Catedral a Catedral","article_publisher":"https:\/\/www.facebook.com\/profile.php?id=61553246482205","article_modified_time":"2025-02-06T13:17:12+00:00","twitter_card":"summary_large_image","schema":{"@context":"https:\/\/schema.org","@graph":[{"@type":"WebPage","@id":"https:\/\/Decatedralacatedral.com\/?page_id=333","url":"https:\/\/Decatedralacatedral.com\/?page_id=333","name":"Etapa Abad\u00edn - Villalba - De Catedral a Catedral","isPartOf":{"@id":"https:\/\/Decatedralacatedral.com\/#website"},"datePublished":"2024-10-25T14:51:12+00:00","dateModified":"2025-02-06T13:17:12+00:00","breadcrumb":{"@id":"https:\/\/Decatedralacatedral.com\/?page_id=333#breadcrumb"},"inLanguage":"es","potentialAction":[{"@type":"ReadAction","target":["https:\/\/Decatedralacatedral.com\/?page_id=333"]}]},{"@type":"BreadcrumbList","@id":"https:\/\/Decatedralacatedral.com\/?page_id=333#breadcrumb","itemListElement":[{"@type":"ListItem","position":1,"name":"Portada","item":"https:\/\/Decatedralacatedral.com\/"},{"@type":"ListItem","position":2,"name":"Camino de Santiago desde Mondo\u00f1edo \/ Etapas","item":"https:\/\/Decatedralacatedral.com\/?page_id=55"},{"@type":"ListItem","position":3,"name":"Etapa Abad\u00edn &#8211; Villalba"}]},{"@type":"WebSite","@id":"https:\/\/Decatedralacatedral.com\/#website","url":"https:\/\/Decatedralacatedral.com\/","name":"De Catedral a Catedral","description":"Desde Mondo\u00f1edo a Santiago","potentialAction":[{"@type":"SearchAction","target":{"@type":"EntryPoint","urlTemplate":"https:\/\/Decatedralacatedral.com\/?s={search_term_string}"},"query-input":{"@type":"PropertyValueSpecification","valueRequired":true,"valueName":"search_term_string"}}],"inLanguage":"es"}]}},"_links":{"self":[{"href":"https:\/\/Decatedralacatedral.com\/index.php?rest_route=\/wp\/v2\/pages\/333","targetHints":{"allow":["GET"]}}],"collection":[{"href":"https:\/\/Decatedralacatedral.com\/index.php?rest_route=\/wp\/v2\/pages"}],"about":[{"href":"https:\/\/Decatedralacatedral.com\/index.php?rest_route=\/wp\/v2\/types\/page"}],"author":[{"embeddable":true,"href":"https:\/\/Decatedralacatedral.com\/index.php?rest_route=\/wp\/v2\/users\/1"}],"replies":[{"embeddable":true,"href":"https:\/\/Decatedralacatedral.com\/index.php?rest_route=%2Fwp%2Fv2%2Fcomments&post=333"}],"version-history":[{"count":13,"href":"https:\/\/Decatedralacatedral.com\/index.php?rest_route=\/wp\/v2\/pages\/333\/revisions"}],"predecessor-version":[{"id":435,"href":"https:\/\/Decatedralacatedral.com\/index.php?rest_route=\/wp\/v2\/pages\/333\/revisions\/435"}],"up":[{"embeddable":true,"href":"https:\/\/Decatedralacatedral.com\/index.php?rest_route=\/wp\/v2\/pages\/55"}],"wp:attachment":[{"href":"https:\/\/Decatedralacatedral.com\/index.php?rest_route=%2Fwp%2Fv2%2Fmedia&parent=333"}],"curies":[{"name":"wp","href":"https:\/\/api.w.org\/{rel}","templated":true}]}}