{"id":331,"date":"2024-10-25T14:49:32","date_gmt":"2024-10-25T14:49:32","guid":{"rendered":"https:\/\/Decatedralacatedral.com\/?page_id=331"},"modified":"2025-02-06T13:16:01","modified_gmt":"2025-02-06T13:16:01","slug":"etapa-mondonedo-abadin","status":"publish","type":"page","link":"https:\/\/Decatedralacatedral.com\/?page_id=331","title":{"rendered":"Etapa Mondo\u00f1edo &#8211; Abad\u00edn"},"content":{"rendered":"<p>[et_pb_section fb_built=\u00bb1&#8243; admin_label=\u00bbHero\u00bb _builder_version=\u00bb4.24.3&#8243; use_background_color_gradient=\u00bbon\u00bb background_color_gradient_type=\u00bbcircular\u00bb background_color_gradient_direction_radial=\u00bbtop right\u00bb background_color_gradient_stops=\u00bb#210b00 10%|rgba(33,25,21,0) 100%\u00bb background_color_gradient_overlays_image=\u00bbon\u00bb background_color_gradient_start=\u00bb#210b00&#8243; background_color_gradient_start_position=\u00bb10%\u00bb background_color_gradient_end=\u00bbrgba(33,25,21,0)\u00bb background_image=\u00bbhttps:\/\/Decatedralacatedral.com\/wp-content\/uploads\/2024\/03\/catedral.jpg\u00bb background_position=\u00bbbottom_center\u00bb min_height=\u00bb400px\u00bb custom_padding=\u00bb80px|0|0||false|false\u00bb global_colors_info=\u00bb{}\u00bb][\/et_pb_section][et_pb_section fb_built=\u00bb1&#8243; admin_label=\u00bbServices Header\u00bb _builder_version=\u00bb4.16&#8243; custom_padding=\u00bb0|0px|0|0px|false|false\u00bb global_colors_info=\u00bb{}\u00bb][et_pb_row column_structure=\u00bb2_3,1_3&#8243; use_custom_gutter=\u00bbon\u00bb gutter_width=\u00bb1&#8243; padding_top_bottom_link_2=\u00bbtrue\u00bb padding_left_right_link_2=\u00bbtrue\u00bb _builder_version=\u00bb4.16&#8243; custom_padding=\u00bb0|0px|27px|0px|false|false\u00bb animation_style=\u00bbslide\u00bb animation_direction=\u00bbtop\u00bb animation_intensity_slide=\u00bb20%\u00bb locked=\u00bboff\u00bb global_colors_info=\u00bb{}\u00bb][et_pb_column type=\u00bb2_3&#8243; _builder_version=\u00bb4.16&#8243; custom_padding=\u00bb|||\u00bb global_colors_info=\u00bb{}\u00bb custom_padding__hover=\u00bb|||\u00bb][et_pb_text _builder_version=\u00bb4.16&#8243; text_font=\u00bb||||||||\u00bb ul_font=\u00bb||||||||\u00bb ol_font=\u00bb||||||||\u00bb quote_font=\u00bb||||||||\u00bb header_font=\u00bb||||||||\u00bb header_2_font=\u00bb|800|||||||\u00bb header_2_font_size=\u00bb24px\u00bb header_2_line_height=\u00bb1.8em\u00bb header_3_font=\u00bb||||||||\u00bb header_4_font=\u00bb|800||on|||||\u00bb header_4_font_size=\u00bb16px\u00bb header_4_letter_spacing=\u00bb0.5px\u00bb header_4_line_height=\u00bb1.7em\u00bb header_5_font=\u00bb||||||||\u00bb header_6_font=\u00bb||||||||\u00bb background_color=\u00bb#efefef\u00bb padding_1_last_edited=\u00bbon|desktop\u00bb custom_padding=\u00bb30px|50px|30px|50px|true|true|20px|10%|20px|10%|true|true||on|desktop\u00bb custom_padding_tablet=\u00bb\u00bb custom_padding_phone=\u00bb20px|10%|20px|10%|true|true\u00bb custom_padding_last_edited=\u00bbon|phone\u00bb header_2_font_size_tablet=\u00bb\u00bb header_2_font_size_phone=\u00bb18px\u00bb header_2_font_size_last_edited=\u00bbon|phone\u00bb locked=\u00bboff\u00bb global_colors_info=\u00bb{}\u00bb]<\/p>\n<h4>Desde Mondo\u00f1edo a ABAD\u00cdN, CON EL ALMA PEREGRINA.<\/h4>\n<h2>DESDE LA CATEDRAL, EL CAMINO POR DELANTE&#8230;<\/h2>\n<p>[\/et_pb_text][\/et_pb_column][et_pb_column type=\u00bb1_3&#8243; _builder_version=\u00bb4.16&#8243; custom_padding=\u00bb50px|50px|50px|50px\u00bb custom_padding_tablet=\u00bb50px|50px|50px|50px\u00bb custom_padding_phone=\u00bb20px|10%|20px|10%|true|true\u00bb custom_padding_last_edited=\u00bbon|phone\u00bb global_colors_info=\u00bb{}\u00bb padding_phone=\u00bb20px|10%|20px|10%|true|true\u00bb padding_last_edited=\u00bbon|phone\u00bb custom_padding__hover=\u00bb|||\u00bb][\/et_pb_column][\/et_pb_row][\/et_pb_section][et_pb_section fb_built=\u00bb1&#8243; specialty=\u00bbon\u00bb padding_top_2=\u00bb85px\u00bb admin_label=\u00bbService\u00bb _builder_version=\u00bb4.16&#8243; global_colors_info=\u00bb{}\u00bb][et_pb_column type=\u00bb1_3&#8243; _builder_version=\u00bb4.16&#8243; custom_padding=\u00bb|||\u00bb global_colors_info=\u00bb{}\u00bb custom_padding__hover=\u00bb|||\u00bb][et_pb_text _builder_version=\u00bb4.16&#8243; text_font=\u00bbOpen Sans||||||||\u00bb text_line_height=\u00bb2em\u00bb header_font=\u00bb||||||||\u00bb header_4_font=\u00bbOpen Sans|800||on|||||\u00bb header_4_font_size=\u00bb16px\u00bb header_4_letter_spacing=\u00bb0.5px\u00bb header_4_line_height=\u00bb1.7em\u00bb background_image=\u00bbhttps:\/\/Decatedralacatedral.com\/wp-content\/uploads\/2024\/02\/Rectangle.png\u00bb background_size=\u00bbinitial\u00bb background_position=\u00bbtop_left\u00bb custom_padding=\u00bb24px|||24px\u00bb locked=\u00bboff\u00bb global_colors_info=\u00bb{}\u00bb]<\/p>\n<h4>Mondo\u00f1edo &#8211; ABAD\u00cdN<\/h4>\n<p>[\/et_pb_text][et_pb_image src=\u00bbhttps:\/\/Decatedralacatedral.com\/wp-content\/uploads\/2024\/03\/Catedral_de_Mondonedo_30045338935.jpg\u00bb title_text=\u00bbCatedral_de_Mondo\u00f1edo_(30045338935)\u00bb align_tablet=\u00bbcenter\u00bb align_phone=\u00bbcenter\u00bb align_last_edited=\u00bbon|desktop\u00bb _builder_version=\u00bb4.24.2&#8243; custom_margin=\u00bb||0px|\u00bb locked=\u00bboff\u00bb global_colors_info=\u00bb{}\u00bb][\/et_pb_image][\/et_pb_column][et_pb_column type=\u00bb2_3&#8243; specialty_columns=\u00bb2&#8243; _builder_version=\u00bb4.16&#8243; custom_padding=\u00bb|||\u00bb global_colors_info=\u00bb{}\u00bb custom_padding__hover=\u00bb|||\u00bb][et_pb_row_inner _builder_version=\u00bb4.16&#8243; custom_padding=\u00bb29.6875px|0px|0|0px|false|false\u00bb global_colors_info=\u00bb{}\u00bb][et_pb_column_inner saved_specialty_column_type=\u00bb2_3&#8243; _builder_version=\u00bb4.16&#8243; custom_padding=\u00bb|||\u00bb global_colors_info=\u00bb{}\u00bb custom_padding__hover=\u00bb|||\u00bb][et_pb_text _builder_version=\u00bb4.24.2&#8243; text_font=\u00bbOpen Sans||||||||\u00bb text_font_size=\u00bb16px\u00bb text_line_height=\u00bb1.8em\u00bb header_font=\u00bb||||||||\u00bb header_3_font=\u00bb|800|||||||\u00bb header_3_text_color=\u00bb#f25b3a\u00bb header_3_font_size=\u00bb24px\u00bb header_3_line_height=\u00bb1.8em\u00bb max_width=\u00bb600px\u00bb header_3_font_size_tablet=\u00bb\u00bb header_3_font_size_phone=\u00bb18px\u00bb header_3_font_size_last_edited=\u00bbon|phone\u00bb locked=\u00bboff\u00bb global_colors_info=\u00bb{}\u00bb]<\/p>\n<p><span>\u2026Y siempre recordar\u00e1s que en <strong>MONDO\u00d1EDO <\/strong>comenzaste <strong>TU CAMINO<\/strong>; <em>ese camino en s\u00ed<\/em> y que nuestro escritor m\u00e1s internacional D. <strong>\u00c1lvaro Cunqueiro<\/strong> bautiz\u00f3 como \u201c<strong>LA FLOR DE LOS CAMINOS<\/strong>\u201d (refiri\u00e9ndose al camino de Santiago), <em>tan cambiante, tan igual y tan diferente. Plano, empinado, tortuoso, recto, al lado de la carretera, entre \u00e1rboles y vegetaci\u00f3n cerrada, de tierra, de piedra, de asfalto, en pueblos, en ciudades, en la absoluta nada, iluminado, oscuro, lleno de hojas, inundado, polvoriento, estrecho, amplio, sugerente, aburrido, te\u00f1ido por\u00a0los colores del amanecer, quemado por el sol del\u00a0mediod\u00eda, con sus\u00a0conchas\u00a0pintadas, incrustadas, talladas\u2026 y siempre se\u00f1alizado con sus reconfortantes\u00a0<strong>flechas amarillas<\/strong><\/em>\u2026.\u00a0 \u201cSara Amata\u201d<\/span><\/p>\n<p>[\/et_pb_text][\/et_pb_column_inner][\/et_pb_row_inner][\/et_pb_column][\/et_pb_section][et_pb_section fb_built=\u00bb1&#8243; admin_label=\u00bbTestimonials\u00bb _builder_version=\u00bb4.16&#8243; global_colors_info=\u00bb{}\u00bb][et_pb_row _builder_version=\u00bb4.24.3&#8243; _module_preset=\u00bbdefault\u00bb global_colors_info=\u00bb{}\u00bb][et_pb_column type=\u00bb4_4&#8243; _builder_version=\u00bb4.24.3&#8243; _module_preset=\u00bbdefault\u00bb global_colors_info=\u00bb{}\u00bb][et_pb_text _builder_version=\u00bb4.24.3&#8243; _module_preset=\u00bbdefault\u00bb global_colors_info=\u00bb{}\u00bb]<\/p>\n<p><span><strong>Para salir de Mondo\u00f1edo, <\/strong><\/span><span>ciudad de las \u201c<strong><em>MIL PRIMAVERAS\u2026\u201d<\/em><\/strong>, decidiremos si hacerlo por el camino oficial o por la variante que discurre por el monte, dirigi\u00e9ndonos hacia la\u00a0 <strong>Fonte Vella <\/strong>que es el lugar donde se produce la bifurcaci\u00f3n y donde tendremos que detenernos antes de abandonar esta maravillosa ciudad.<\/span><\/p>\n<p><span><strong><em><u>Camino oficial<\/u><\/em><\/strong><\/span><span>: desde\u00a0<strong>Fonte Vella, <\/strong>tomando en desv\u00edo a la izquierda, pasaremos al lado de Lousada, primer n\u00facleo de poblaci\u00f3n dejando la ciudad atr\u00e1s y descubriendo el frondoso valle del\u00a0<strong>r\u00edo Vali\u00f1adares<\/strong>., donde se pueden visitar sus antiguos hornos de cal.<\/span><\/p>\n<p><span><strong><em><u>Variante por el monte<\/u><\/em><\/strong><\/span><span>: al llegar a\u00a0<strong>Fonte Vella<\/strong>, deberemos tomar el desv\u00edo a la derecha. Este tramo es como realizar una ruta por el monte, pero cabe resaltar que no encontraremos servicios ni poblaciones de ning\u00fan tipo, por lo que se supone un poco m\u00e1s peligroso si se viaja s\u00f3lo. Es un poco m\u00e1s corta que la alternativa oficial, pero como tiene m\u00e1s desniveles, pr\u00e1cticamente al final los tiempos se igualan. El punto \u00e1lgido de la ruta es el\u00a0<strong>Alto de la Calzada de Cabana Vella.<\/strong><\/span><\/p>\n<p>[\/et_pb_text][\/et_pb_column][\/et_pb_row][et_pb_row column_structure=\u00bb1_2,1_2&#8243; _builder_version=\u00bb4.24.3&#8243; _module_preset=\u00bbdefault\u00bb global_colors_info=\u00bb{}\u00bb][et_pb_column type=\u00bb1_2&#8243; _builder_version=\u00bb4.24.3&#8243; _module_preset=\u00bbdefault\u00bb global_colors_info=\u00bb{}\u00bb][et_pb_text _builder_version=\u00bb4.24.3&#8243; _module_preset=\u00bbdefault\u00bb global_colors_info=\u00bb{}\u00bb]<\/p>\n<p>LUGARES DE INTER\u00c9S DURANTE LA ETAPA<\/p>\n<ul>\n<li>Hornos de Cal &#8211; Lousada<\/li>\n<\/ul>\n<p>[\/et_pb_text][\/et_pb_column][et_pb_column type=\u00bb1_2&#8243; _builder_version=\u00bb4.24.3&#8243; _module_preset=\u00bbdefault\u00bb global_colors_info=\u00bb{}\u00bb][et_pb_text _builder_version=\u00bb4.24.3&#8243; _module_preset=\u00bbdefault\u00bb global_colors_info=\u00bb{}\u00bb]<\/p>\n<p>LUGARES DE INTER\u00c9S A TU LLEGADA A ABAD\u00cdN<\/p>\n<ul>\n<li>Iglesia de Santa Mar\u00eda de Abad\u00edn \u2013 Abad\u00edn<\/li>\n<\/ul>\n<p>[\/et_pb_text][\/et_pb_column][\/et_pb_row][\/et_pb_section][et_pb_section fb_built=\u00bb1&#8243; _builder_version=\u00bb4.24.3&#8243; _module_preset=\u00bbdefault\u00bb global_colors_info=\u00bb{}\u00bb][et_pb_row _builder_version=\u00bb4.24.3&#8243; _module_preset=\u00bbdefault\u00bb global_colors_info=\u00bb{}\u00bb][et_pb_column type=\u00bb4_4&#8243; _builder_version=\u00bb4.24.3&#8243; _module_preset=\u00bbdefault\u00bb global_colors_info=\u00bb{}\u00bb][et_pb_heading title=\u00bbDatos de inter\u00e9s en esta etapa\u00bb _builder_version=\u00bb4.24.3&#8243; _module_preset=\u00bbdefault\u00bb global_colors_info=\u00bb{}\u00bb][\/et_pb_heading][\/et_pb_column][\/et_pb_row][et_pb_row column_structure=\u00bb2_5,3_5&#8243; _builder_version=\u00bb4.24.3&#8243; _module_preset=\u00bbdefault\u00bb global_colors_info=\u00bb{}\u00bb][et_pb_column type=\u00bb2_5&#8243; _builder_version=\u00bb4.24.3&#8243; _module_preset=\u00bbdefault\u00bb global_colors_info=\u00bb{}\u00bb][et_pb_slider _builder_version=\u00bb4.24.3&#8243; _module_preset=\u00bbdefault\u00bb global_colors_info=\u00bb{}\u00bb][et_pb_slide heading=\u00bbDistancia\u00bb _builder_version=\u00bb4.24.3&#8243; _module_preset=\u00bbdefault\u00bb global_colors_info=\u00bb{}\u00bb sticky_transition=\u00bbon\u00bb]<\/p>\n<h2>17,20 km<\/h2>\n<p>[\/et_pb_slide][\/et_pb_slider][et_pb_image src=\u00bbhttps:\/\/Decatedralacatedral.com\/wp-content\/uploads\/2024\/10\/desnivel-1.jpg\u00bb title_text=\u00bbdesnivel\u00bb _builder_version=\u00bb4.24.3&#8243; _module_preset=\u00bbdefault\u00bb global_colors_info=\u00bb{}\u00bb][\/et_pb_image][\/et_pb_column][et_pb_column type=\u00bb3_5&#8243; _builder_version=\u00bb4.24.3&#8243; _module_preset=\u00bbdefault\u00bb global_colors_info=\u00bb{}\u00bb][et_pb_heading title=\u00bbServicios en Abad\u00edn\u00bb _builder_version=\u00bb4.24.3&#8243; _module_preset=\u00bbdefault\u00bb global_colors_info=\u00bb{}\u00bb][\/et_pb_heading][et_pb_accordion _builder_version=\u00bb4.24.3&#8243; _module_preset=\u00bbdefault\u00bb global_colors_info=\u00bb{}\u00bb][et_pb_accordion_item title=\u00bbAlojamientos\u00bb _builder_version=\u00bb4.24.3&#8243; _module_preset=\u00bbdefault\u00bb global_colors_info=\u00bb{}\u00bb open=\u00bbon\u00bb]<\/p>\n<ul>\n<li>Lar Xarab\u00edn S.L.: Av. de Galicia, 28, 27730 Abad\u00edn, Lugo. Tlfno: +34 690 68 18 11\/ +34 982 50 80 25<\/li>\n<li>Casa Go\u00e1s: de Galicia, 23, 27730 Abad\u00edn, Lugo. Tlfno: +34 982 50 80 05<\/li>\n<li>Albergue Go\u00e1s: Av. de Galicia, 21, 27730 Abad\u00edn, Lugo. Tlfno: +34 982 50 80 05<\/li>\n<\/ul>\n<p>[\/et_pb_accordion_item][et_pb_accordion_item title=\u00bbRestaurantes\u00bb open=\u00bboff\u00bb _builder_version=\u00bb4.24.3&#8243; _module_preset=\u00bbdefault\u00bb global_colors_info=\u00bb{}\u00bb]<\/p>\n<ul>\n<li>Casa Go\u00e1s: Av. de Galicia, 23, 27730 Abad\u00edn, Lugo. Tlfno: +34 982 50 80 05<\/li>\n<li>Restaurante Niza: C\/ Galicia, 31, 27730 Abad\u00edn, Lugo. Tlfno: +34 982 50 80 32<\/li>\n<li>Restaurante El Paso: Av. de Galicia, 6, 27730 Abad\u00edn, Lugo. Tlfno: +34 657 95 04 06<\/li>\n<\/ul>\n<p>[\/et_pb_accordion_item][et_pb_accordion_item title=\u00bbSupermercados\u00bb _builder_version=\u00bb4.24.3&#8243; _module_preset=\u00bbdefault\u00bb global_colors_info=\u00bb{}\u00bb open=\u00bboff\u00bb]<\/p>\n<ul>\n<li>Facenda Farruqui\u00f1o Abad\u00edn: Av. de Galicia, 22, bajo, 27730 Abad\u00edn, Lugo. Tlfno: +34 982 50 82 30<\/li>\n<li>Supermercados La Tienda: Av. de Galicia, 10, 27730 Abad\u00edn, Lugo. Tlfno: +34 982 50 81 11<\/li>\n<\/ul>\n<p>[\/et_pb_accordion_item][et_pb_accordion_item title=\u00bbOficina de Correos\u00bb _builder_version=\u00bb4.24.3&#8243; _module_preset=\u00bbdefault\u00bb global_colors_info=\u00bb{}\u00bb open=\u00bboff\u00bb]<\/p>\n<ul>\n<li>Correos: LU-P-0107, 1, 27730 Abad\u00edn, Lugo.<\/li>\n<\/ul>\n<p>[\/et_pb_accordion_item][et_pb_accordion_item title=\u00bbTransportes\u00bb _builder_version=\u00bb4.24.3&#8243; _module_preset=\u00bbdefault\u00bb global_colors_info=\u00bb{}\u00bb open=\u00bboff\u00bb]<\/p>\n<ul>\n<li>Parada de autob\u00fas (Empresa Arriba): Praza do Concello, 27730 Abad\u00edn, Lugo. Tlfno: +34 981 311 213<\/li>\n<li>Taxi Abad\u00edn: Av. de Galicia, 23, 27730 Abad\u00edn, Lugo. Tfno: +34 606 55 07 90<\/li>\n<li>Taxi C\u00e9sar Go\u00e1s P\u00e9rez: Lugar Xanaz, 3 &#8211; Labrada, Lugo Tfno: +34 606 550 790<\/li>\n<\/ul>\n<p>[\/et_pb_accordion_item][et_pb_accordion_item title=\u00bbFarmacias\u00bb _builder_version=\u00bb4.24.3&#8243; _module_preset=\u00bbdefault\u00bb global_colors_info=\u00bb{}\u00bb open=\u00bboff\u00bb]<\/p>\n<ul>\n<li>H\u00e9ctor D\u00edaz Folgar: R\u00faa Fanego Rojo, 7, 27730 Abad\u00edn, Lugo. Tlfno: +34 982 50 80 58<\/li>\n<li>Ana M\u00aa \u00c1lvarez Ares: 27730, Av. de Primo de Rivera, 3, Abad\u00edn, Lugo. Tfno: +34 982 50 89 01<\/li>\n<\/ul>\n<p>[\/et_pb_accordion_item][\/et_pb_accordion][\/et_pb_column][\/et_pb_row][et_pb_row _builder_version=\u00bb4.24.3&#8243; _module_preset=\u00bbdefault\u00bb global_colors_info=\u00bb{}\u00bb][et_pb_column type=\u00bb4_4&#8243; _builder_version=\u00bb4.24.3&#8243; _module_preset=\u00bbdefault\u00bb global_colors_info=\u00bb{}\u00bb][et_pb_code _builder_version=\u00bb4.24.3&#8243; _module_preset=\u00bbdefault\u00bb global_colors_info=\u00bb{}\u00bb]<iframe src=\"https:\/\/www.google.com\/maps\/embed?pb=!1m28!1m12!1m3!1d65583.42121618982!2d-7.429617176782629!3d43.410361832849766!2m3!1f0!2f0!3f0!3m2!1i1024!2i768!4f13.1!4m13!3e2!4m5!1s0xd318dc6557eb4a9%3A0x81c6910d2f8984a6!2zTW9uZG_DsWVkbywgMjc3NDAgTW9uZG_DsWVkbywgTHVnbywgRXNwYcOxYQ!3m2!1d43.4285755!2d-7.363846799999999!4m5!1s0xd31ed05ea8cb78d%3A0xac1c25acccd52a5b!2zQWJhZMOtbiwgRXNwYcOxYQ!3m2!1d43.363076199999995!2d-7.474990099999999!5e0!3m2!1sgl!2sus!4v1730023607677!5m2!1sgl!2sus\" width=\"1200\" height=\"400\" style=\"border:0;\" allowfullscreen=\"\" loading=\"lazy\" referrerpolicy=\"no-referrer-when-downgrade\"><\/iframe>[\/et_pb_code][\/et_pb_column][\/et_pb_row][\/et_pb_section]<\/p>\n","protected":false},"excerpt":{"rendered":"<p>Desde Mondo\u00f1edo a ABAD\u00cdN, CON EL ALMA PEREGRINA. DESDE LA CATEDRAL, EL CAMINO POR DELANTE&#8230;Mondo\u00f1edo &#8211; ABAD\u00cdN\u2026Y siempre recordar\u00e1s que en MONDO\u00d1EDO comenzaste TU CAMINO; ese camino en s\u00ed y que nuestro escritor m\u00e1s internacional D. \u00c1lvaro Cunqueiro bautiz\u00f3 como \u201cLA FLOR DE LOS CAMINOS\u201d (refiri\u00e9ndose al camino de Santiago), tan cambiante, tan igual y [&hellip;]<\/p>\n","protected":false},"author":1,"featured_media":0,"parent":55,"menu_order":0,"comment_status":"closed","ping_status":"closed","template":"","meta":{"_et_pb_use_builder":"on","_et_pb_old_content":"","_et_gb_content_width":"","_joinchat":[],"footnotes":""},"class_list":["post-331","page","type-page","status-publish","hentry"],"yoast_head":"<!-- This site is optimized with the Yoast SEO plugin v27.2 - https:\/\/yoast.com\/product\/yoast-seo-wordpress\/ -->\n<title>Etapa Mondo\u00f1edo - Abad\u00edn - De Catedral a Catedral<\/title>\n<meta name=\"robots\" content=\"index, follow, max-snippet:-1, max-image-preview:large, max-video-preview:-1\" \/>\n<link rel=\"canonical\" href=\"https:\/\/Decatedralacatedral.com\/?page_id=331\" \/>\n<meta property=\"og:locale\" content=\"es_ES\" \/>\n<meta property=\"og:type\" content=\"article\" \/>\n<meta property=\"og:title\" content=\"Etapa Mondo\u00f1edo - Abad\u00edn - De Catedral a Catedral\" \/>\n<meta property=\"og:description\" content=\"Desde Mondo\u00f1edo a ABAD\u00cdN, CON EL ALMA PEREGRINA. DESDE LA CATEDRAL, EL CAMINO POR DELANTE...Mondo\u00f1edo - ABAD\u00cdN\u2026Y siempre recordar\u00e1s que en MONDO\u00d1EDO comenzaste TU CAMINO; ese camino en s\u00ed y que nuestro escritor m\u00e1s internacional D. \u00c1lvaro Cunqueiro bautiz\u00f3 como \u201cLA FLOR DE LOS CAMINOS\u201d (refiri\u00e9ndose al camino de Santiago), tan cambiante, tan igual y [&hellip;]\" \/>\n<meta property=\"og:url\" content=\"https:\/\/Decatedralacatedral.com\/?page_id=331\" \/>\n<meta property=\"og:site_name\" content=\"De Catedral a Catedral\" \/>\n<meta property=\"article:publisher\" content=\"https:\/\/www.facebook.com\/profile.php?id=61553246482205\" \/>\n<meta property=\"article:modified_time\" content=\"2025-02-06T13:16:01+00:00\" \/>\n<meta name=\"twitter:card\" content=\"summary_large_image\" \/>\n<script type=\"application\/ld+json\" class=\"yoast-schema-graph\">{\"@context\":\"https:\/\/schema.org\",\"@graph\":[{\"@type\":\"WebPage\",\"@id\":\"https:\/\/Decatedralacatedral.com\/?page_id=331\",\"url\":\"https:\/\/Decatedralacatedral.com\/?page_id=331\",\"name\":\"Etapa Mondo\u00f1edo - Abad\u00edn - De Catedral a Catedral\",\"isPartOf\":{\"@id\":\"https:\/\/Decatedralacatedral.com\/#website\"},\"datePublished\":\"2024-10-25T14:49:32+00:00\",\"dateModified\":\"2025-02-06T13:16:01+00:00\",\"breadcrumb\":{\"@id\":\"https:\/\/Decatedralacatedral.com\/?page_id=331#breadcrumb\"},\"inLanguage\":\"es\",\"potentialAction\":[{\"@type\":\"ReadAction\",\"target\":[\"https:\/\/Decatedralacatedral.com\/?page_id=331\"]}]},{\"@type\":\"BreadcrumbList\",\"@id\":\"https:\/\/Decatedralacatedral.com\/?page_id=331#breadcrumb\",\"itemListElement\":[{\"@type\":\"ListItem\",\"position\":1,\"name\":\"Portada\",\"item\":\"https:\/\/Decatedralacatedral.com\/\"},{\"@type\":\"ListItem\",\"position\":2,\"name\":\"Camino de Santiago desde Mondo\u00f1edo \/ Etapas\",\"item\":\"https:\/\/Decatedralacatedral.com\/?page_id=55\"},{\"@type\":\"ListItem\",\"position\":3,\"name\":\"Etapa Mondo\u00f1edo &#8211; Abad\u00edn\"}]},{\"@type\":\"WebSite\",\"@id\":\"https:\/\/Decatedralacatedral.com\/#website\",\"url\":\"https:\/\/Decatedralacatedral.com\/\",\"name\":\"De Catedral a Catedral\",\"description\":\"Desde Mondo\u00f1edo a Santiago\",\"potentialAction\":[{\"@type\":\"SearchAction\",\"target\":{\"@type\":\"EntryPoint\",\"urlTemplate\":\"https:\/\/Decatedralacatedral.com\/?s={search_term_string}\"},\"query-input\":{\"@type\":\"PropertyValueSpecification\",\"valueRequired\":true,\"valueName\":\"search_term_string\"}}],\"inLanguage\":\"es\"}]}<\/script>\n<!-- \/ Yoast SEO plugin. -->","yoast_head_json":{"title":"Etapa Mondo\u00f1edo - Abad\u00edn - De Catedral a Catedral","robots":{"index":"index","follow":"follow","max-snippet":"max-snippet:-1","max-image-preview":"max-image-preview:large","max-video-preview":"max-video-preview:-1"},"canonical":"https:\/\/Decatedralacatedral.com\/?page_id=331","og_locale":"es_ES","og_type":"article","og_title":"Etapa Mondo\u00f1edo - Abad\u00edn - De Catedral a Catedral","og_description":"Desde Mondo\u00f1edo a ABAD\u00cdN, CON EL ALMA PEREGRINA. DESDE LA CATEDRAL, EL CAMINO POR DELANTE...Mondo\u00f1edo - ABAD\u00cdN\u2026Y siempre recordar\u00e1s que en MONDO\u00d1EDO comenzaste TU CAMINO; ese camino en s\u00ed y que nuestro escritor m\u00e1s internacional D. \u00c1lvaro Cunqueiro bautiz\u00f3 como \u201cLA FLOR DE LOS CAMINOS\u201d (refiri\u00e9ndose al camino de Santiago), tan cambiante, tan igual y [&hellip;]","og_url":"https:\/\/Decatedralacatedral.com\/?page_id=331","og_site_name":"De Catedral a Catedral","article_publisher":"https:\/\/www.facebook.com\/profile.php?id=61553246482205","article_modified_time":"2025-02-06T13:16:01+00:00","twitter_card":"summary_large_image","schema":{"@context":"https:\/\/schema.org","@graph":[{"@type":"WebPage","@id":"https:\/\/Decatedralacatedral.com\/?page_id=331","url":"https:\/\/Decatedralacatedral.com\/?page_id=331","name":"Etapa Mondo\u00f1edo - Abad\u00edn - De Catedral a Catedral","isPartOf":{"@id":"https:\/\/Decatedralacatedral.com\/#website"},"datePublished":"2024-10-25T14:49:32+00:00","dateModified":"2025-02-06T13:16:01+00:00","breadcrumb":{"@id":"https:\/\/Decatedralacatedral.com\/?page_id=331#breadcrumb"},"inLanguage":"es","potentialAction":[{"@type":"ReadAction","target":["https:\/\/Decatedralacatedral.com\/?page_id=331"]}]},{"@type":"BreadcrumbList","@id":"https:\/\/Decatedralacatedral.com\/?page_id=331#breadcrumb","itemListElement":[{"@type":"ListItem","position":1,"name":"Portada","item":"https:\/\/Decatedralacatedral.com\/"},{"@type":"ListItem","position":2,"name":"Camino de Santiago desde Mondo\u00f1edo \/ Etapas","item":"https:\/\/Decatedralacatedral.com\/?page_id=55"},{"@type":"ListItem","position":3,"name":"Etapa Mondo\u00f1edo &#8211; Abad\u00edn"}]},{"@type":"WebSite","@id":"https:\/\/Decatedralacatedral.com\/#website","url":"https:\/\/Decatedralacatedral.com\/","name":"De Catedral a Catedral","description":"Desde Mondo\u00f1edo a Santiago","potentialAction":[{"@type":"SearchAction","target":{"@type":"EntryPoint","urlTemplate":"https:\/\/Decatedralacatedral.com\/?s={search_term_string}"},"query-input":{"@type":"PropertyValueSpecification","valueRequired":true,"valueName":"search_term_string"}}],"inLanguage":"es"}]}},"_links":{"self":[{"href":"https:\/\/Decatedralacatedral.com\/index.php?rest_route=\/wp\/v2\/pages\/331","targetHints":{"allow":["GET"]}}],"collection":[{"href":"https:\/\/Decatedralacatedral.com\/index.php?rest_route=\/wp\/v2\/pages"}],"about":[{"href":"https:\/\/Decatedralacatedral.com\/index.php?rest_route=\/wp\/v2\/types\/page"}],"author":[{"embeddable":true,"href":"https:\/\/Decatedralacatedral.com\/index.php?rest_route=\/wp\/v2\/users\/1"}],"replies":[{"embeddable":true,"href":"https:\/\/Decatedralacatedral.com\/index.php?rest_route=%2Fwp%2Fv2%2Fcomments&post=331"}],"version-history":[{"count":6,"href":"https:\/\/Decatedralacatedral.com\/index.php?rest_route=\/wp\/v2\/pages\/331\/revisions"}],"predecessor-version":[{"id":434,"href":"https:\/\/Decatedralacatedral.com\/index.php?rest_route=\/wp\/v2\/pages\/331\/revisions\/434"}],"up":[{"embeddable":true,"href":"https:\/\/Decatedralacatedral.com\/index.php?rest_route=\/wp\/v2\/pages\/55"}],"wp:attachment":[{"href":"https:\/\/Decatedralacatedral.com\/index.php?rest_route=%2Fwp%2Fv2%2Fmedia&parent=331"}],"curies":[{"name":"wp","href":"https:\/\/api.w.org\/{rel}","templated":true}]}}